{"id":7525,"date":"2026-04-06T07:43:42","date_gmt":"2026-04-06T11:43:42","guid":{"rendered":"https:\/\/decoraprint.com\/?post_type=product&#038;p=7525"},"modified":"2026-04-06T21:28:36","modified_gmt":"2026-04-07T01:28:36","slug":"gobelet-en-acier-inoxydable-20-oz-avec-fleur-de-naissance-aster-mois-de-septembre-copy","status":"publish","type":"product","link":"https:\/\/decoraprint.com\/fr\/product\/gobelet-en-acier-inoxydable-20-oz-avec-fleur-de-naissance-aster-mois-de-septembre-copy\/","title":{"rendered":"Gobelet en verre givr\u00e9 17 oz avec fleur de naissance aster mois de septembre"},"content":{"rendered":"<h2>Gobelet Fleur de naissance<\/h2>\n<p>C\u00e9l\u00e9brez les moments sp\u00e9ciaux avec ce gobelet en verre givr\u00e9 \u00e9l\u00e9gamment personnalis\u00e9 avec une fleur de naissance !<br \/>\nCe gobelet de 17 oz au design \u00e9l\u00e9gant est tr\u00e8s styl\u00e9 et conviendra \u00e0 votre more de vie moderne. Id\u00e9al pour votre Shake du matin, un caf\u00e9 glac\u00e9 ou un breuvage rafra\u00eechissant. Le goblet vient avec une paille en acier inoxidable et une autre en plastique.<br \/>\nChaque gobelet peut \u00eatre personnalis\u00e9 avec un motif unique de fleur de naissance, ce qui en fait un cadeau attentionn\u00e9 pour les m\u00e8res, les enseignants ou toute personne qui m\u00e9rite une touche de personnalisation tout en savourant sa boisson pr\u00e9f\u00e9r\u00e9e.<br \/>\nMontrez votre reconnaissance en leur offrant un souvenir \u00e0 la fois beau et fonctionnel qu\u2019ils pourront ch\u00e9rir pendant des ann\u00e9es !  <\/p>\n<h2>Impressions par sublimation de haute qualit\u00e9<\/h2>\n<p>Ce gobelet de 17 oz en verre givr\u00e9 est imprim\u00e9 en sublimation, pour assurer des couleurs durables et \u00e9clatantes. Le lavage \u00e0 la main est fortement recommand\u00e9 pour des couleurs \u00e9clatantes et durables. Ne passe pas au four \u00e0 micro-ondes.<\/p>\n<h2>Comment commander<\/h2>\n<p>La plupart de nos produits sont personnalisables.  Veuillez ajouter le nom dans le champ de texte ci-dessus et s\u00e9lectionner le num\u00e9ro de police que vous souhaitez utiliser dans le menu d\u00e9roulant. (Voir l&rsquo;image pour les polices disponibles)<\/p>\n<h2>Commandes en gros<\/h2>\n<p>Pour les quantit\u00e9s et les commandes en gros, veuillez nous contacter par courriel.<\/p>\n","protected":false},"excerpt":{"rendered":"<p>C\u00e9l\u00e9brez les moments sp\u00e9ciaux avec ce gobelet en en verre givr\u00e9 de 17 oz \u00e9l\u00e9gamment personnalis\u00e9 avec une fleur de naissance !<\/p>\n","protected":false},"featured_media":7541,"comment_status":"open","ping_status":"closed","template":"","meta":{"_uag_custom_page_level_css":"","site-sidebar-layout":"default","site-content-layout":"","ast-site-content-layout":"default","site-content-style":"default","site-sidebar-style":"default","ast-global-header-display":"","ast-banner-title-visibility":"","ast-main-header-display":"","ast-hfb-above-header-display":"","ast-hfb-below-header-display":"","ast-hfb-mobile-header-display":"","site-post-title":"","ast-breadcrumbs-content":"","ast-featured-img":"","footer-sml-layout":"","ast-disable-related-posts":"","theme-transparent-header-meta":"default","adv-header-id-meta":"","stick-header-meta":"","header-above-stick-meta":"","header-main-stick-meta":"","header-below-stick-meta":"","astra-migrate-meta-layouts":"set","ast-page-background-enabled":"default","ast-page-background-meta":{"desktop":{"background-color":"","background-image":"","background-repeat":"repeat","background-position":"center center","background-size":"auto","background-attachment":"scroll","background-type":"","background-media":"","overlay-type":"","overlay-color":"","overlay-opacity":"","overlay-gradient":""},"tablet":{"background-color":"","background-image":"","background-repeat":"repeat","background-position":"center center","background-size":"auto","background-attachment":"scroll","background-type":"","background-media":"","overlay-type":"","overlay-color":"","overlay-opacity":"","overlay-gradient":""},"mobile":{"background-color":"","background-image":"","background-repeat":"repeat","background-position":"center center","background-size":"auto","background-attachment":"scroll","background-type":"","background-media":"","overlay-type":"","overlay-color":"","overlay-opacity":"","overlay-gradient":""}},"ast-content-background-meta":{"desktop":{"background-color":"var(--ast-global-color-5)","background-image":"","background-repeat":"repeat","background-position":"center center","background-size":"auto","background-attachment":"scroll","background-type":"","background-media":"","overlay-type":"","overlay-color":"","overlay-opacity":"","overlay-gradient":""},"tablet":{"background-color":"var(--ast-global-color-5)","background-image":"","background-repeat":"repeat","background-position":"center center","background-size":"auto","background-attachment":"scroll","background-type":"","background-media":"","overlay-type":"","overlay-color":"","overlay-opacity":"","overlay-gradient":""},"mobile":{"background-color":"var(--ast-global-color-5)","background-image":"","background-repeat":"repeat","background-position":"center center","background-size":"auto","background-attachment":"scroll","background-type":"","background-media":"","overlay-type":"","overlay-color":"","overlay-opacity":"","overlay-gradient":""}}},"product_brand":[],"product_cat":[203,72],"product_tag":[77,74,75,76,64,61],"class_list":{"0":"post-7525","1":"product","2":"type-product","3":"status-publish","4":"has-post-thumbnail","6":"product_cat-gobelet-givre","7":"product_cat-gobelets","8":"product_tag-enseignante","9":"product_tag-fleur-de-naissance","10":"product_tag-gobelet","11":"product_tag-mere","12":"product_tag-personnalise","13":"product_tag-sur-mesure","14":"desktop-align-center","15":"tablet-align-center","16":"mobile-align-center","17":"ast-product-gallery-layout-horizontal-slider","18":"ast-magnify-disabled","19":"ast-product-single-variable","20":"ast-product-tabs-layout-horizontal","21":"ast-qv-on-image","22":"wcpa_has_options","24":"first","25":"instock","26":"sale","27":"taxable","28":"shipping-taxable","29":"purchasable","30":"product-type-variable"},"uagb_featured_image_src":{"full":["https:\/\/decoraprint.com\/wp-content\/uploads\/2026\/04\/Libbey_Birth-Flower-September.jpg",1200,1200,false],"thumbnail":["https:\/\/decoraprint.com\/wp-content\/uploads\/2026\/04\/Libbey_Birth-Flower-September-150x150.jpg",150,150,true],"medium":["https:\/\/decoraprint.com\/wp-content\/uploads\/2026\/04\/Libbey_Birth-Flower-September-300x300.jpg",300,300,true],"medium_large":["https:\/\/decoraprint.com\/wp-content\/uploads\/2026\/04\/Libbey_Birth-Flower-September-768x768.jpg",768,768,true],"large":["https:\/\/decoraprint.com\/wp-content\/uploads\/2026\/04\/Libbey_Birth-Flower-September-1024x1024.jpg",1024,1024,true],"1536x1536":["https:\/\/decoraprint.com\/wp-content\/uploads\/2026\/04\/Libbey_Birth-Flower-September.jpg",1200,1200,false],"2048x2048":["https:\/\/decoraprint.com\/wp-content\/uploads\/2026\/04\/Libbey_Birth-Flower-September.jpg",1200,1200,false],"woocommerce_thumbnail":["https:\/\/decoraprint.com\/wp-content\/uploads\/2026\/04\/Libbey_Birth-Flower-September-300x300.jpg",300,300,true],"woocommerce_single":["https:\/\/decoraprint.com\/wp-content\/uploads\/2026\/04\/Libbey_Birth-Flower-September-600x600.jpg",600,600,true],"woocommerce_gallery_thumbnail":["https:\/\/decoraprint.com\/wp-content\/uploads\/2026\/04\/Libbey_Birth-Flower-September-100x100.jpg",100,100,true]},"uagb_author_info":{"display_name":"decoraprint.com","author_link":"https:\/\/decoraprint.com\/fr\/author\/"},"uagb_comment_info":0,"uagb_excerpt":"C\u00e9l\u00e9brez les moments sp\u00e9ciaux avec ce gobelet en en verre givr\u00e9 de 17 oz \u00e9l\u00e9gamment personnalis\u00e9 avec une fleur de naissance !","jetpack_sharing_enabled":true,"_links":{"self":[{"href":"https:\/\/decoraprint.com\/fr\/wp-json\/wp\/v2\/product\/7525","targetHints":{"allow":["GET"]}}],"collection":[{"href":"https:\/\/decoraprint.com\/fr\/wp-json\/wp\/v2\/product"}],"about":[{"href":"https:\/\/decoraprint.com\/fr\/wp-json\/wp\/v2\/types\/product"}],"replies":[{"embeddable":true,"href":"https:\/\/decoraprint.com\/fr\/wp-json\/wp\/v2\/comments?post=7525"}],"wp:featuredmedia":[{"embeddable":true,"href":"https:\/\/decoraprint.com\/fr\/wp-json\/wp\/v2\/media\/7541"}],"wp:attachment":[{"href":"https:\/\/decoraprint.com\/fr\/wp-json\/wp\/v2\/media?parent=7525"}],"wp:term":[{"taxonomy":"product_brand","embeddable":true,"href":"https:\/\/decoraprint.com\/fr\/wp-json\/wp\/v2\/product_brand?post=7525"},{"taxonomy":"product_cat","embeddable":true,"href":"https:\/\/decoraprint.com\/fr\/wp-json\/wp\/v2\/product_cat?post=7525"},{"taxonomy":"product_tag","embeddable":true,"href":"https:\/\/decoraprint.com\/fr\/wp-json\/wp\/v2\/product_tag?post=7525"}],"curies":[{"name":"wp","href":"https:\/\/api.w.org\/{rel}","templated":true}]}}