{"id":7055,"date":"2025-10-24T14:43:40","date_gmt":"2025-10-24T18:43:40","guid":{"rendered":"https:\/\/decoraprint.com\/?post_type=product&#038;p=7055"},"modified":"2025-10-24T14:46:01","modified_gmt":"2025-10-24T18:46:01","slug":"sac-fourre-tout-a-design-religieux-chretien-love-them-anyway-copy","status":"publish","type":"product","link":"https:\/\/decoraprint.com\/fr\/product\/sac-fourre-tout-a-design-religieux-chretien-love-them-anyway-copy\/","title":{"rendered":"Sac fourre-tout \u00e0 design religieux Chr\u00e9tien \u2013 You were Created for a Purpose"},"content":{"rendered":"<p data-start=\"121\" data-end=\"463\"><strong>Sac fourre-tout \u00e9cologique avec fermeture \u00e9clair \u00e0 design religieux Chr\u00e9tien<\/strong><\/p>\n<p data-start=\"121\" data-end=\"463\">Emportez des encouragements partout avec vous ! Ce magnifique sac fourre-tout \u00e9cologique, imprim\u00e9 de versets bibliques encourageants, est con\u00e7u pour inspirer foi, espoir et motivation au quotidien. <\/p>\n<p data-start=\"674\" data-end=\"912\">Mettez-le dans votre voiture, glissez-le dans votre sac \u00e0 dos ou portez-le fi\u00e8rement \u00e0 l&rsquo;\u00e9paule : c&rsquo;est le compagnon polyvalent que vous voudrez partout o\u00f9 vous irez. Cool, fonctionnel et durable, ce fourre-tout est plus qu&rsquo;un simple sac, c&rsquo;est une d\u00e9claration. <\/p>\n<p data-start=\"674\" data-end=\"912\">Le sac est imprim\u00e9 \u00e0 l&rsquo;aide d&rsquo;encres de sublimation de haute qualit\u00e9, ce qui garantit des couleurs \u00e9clatantes qui ne se d\u00e9colorent pas facilement. Pour des couleurs durables, lavez-le avec du savon doux et de l&rsquo;eau froide pour qu&rsquo;il reste frais. <\/p>\n<p data-start=\"674\" data-end=\"912\">Grand sac r\u00e9utilisable en toile de polyester 12 oz tr\u00e8s r\u00e9sistante avec fermeture \u00e9clair et longues poign\u00e9es, imprim\u00e9 d\u2019un c\u00f4t\u00e9.<br \/>\nDisponible dans 2 tailles : 13.5&Prime; x 15&Prime; x 4.5&Prime; OR 18&Prime; x 15&Prime; x 4.5&Prime;<\/p>\n","protected":false},"excerpt":{"rendered":"<p data-start=\"121\" data-end=\"463\"><strong>Sac fourre-tout \u00e9cologique avec fermeture \u00e9clair \u00e0 design religieux Chr\u00e9tien<\/strong><\/p>\n<p data-start=\"121\" data-end=\"463\">Emportez des encouragements partout avec vous ! Ce magnifique sac fourre-tout \u00e9cologique, imprim\u00e9 de versets bibliques encourageants, est con\u00e7u pour inspirer foi, espoir et motivation au quotidien. <\/p>\n","protected":false},"featured_media":7021,"comment_status":"open","ping_status":"closed","template":"","meta":{"_uag_custom_page_level_css":"","site-sidebar-layout":"default","site-content-layout":"","ast-site-content-layout":"default","site-content-style":"default","site-sidebar-style":"default","ast-global-header-display":"","ast-banner-title-visibility":"","ast-main-header-display":"","ast-hfb-above-header-display":"","ast-hfb-below-header-display":"","ast-hfb-mobile-header-display":"","site-post-title":"","ast-breadcrumbs-content":"","ast-featured-img":"","footer-sml-layout":"","ast-disable-related-posts":"","theme-transparent-header-meta":"default","adv-header-id-meta":"","stick-header-meta":"","header-above-stick-meta":"","header-main-stick-meta":"","header-below-stick-meta":"","astra-migrate-meta-layouts":"set","ast-page-background-enabled":"default","ast-page-background-meta":{"desktop":{"background-color":"","background-image":"","background-repeat":"repeat","background-position":"center center","background-size":"auto","background-attachment":"scroll","background-type":"","background-media":"","overlay-type":"","overlay-color":"","overlay-opacity":"","overlay-gradient":""},"tablet":{"background-color":"","background-image":"","background-repeat":"repeat","background-position":"center center","background-size":"auto","background-attachment":"scroll","background-type":"","background-media":"","overlay-type":"","overlay-color":"","overlay-opacity":"","overlay-gradient":""},"mobile":{"background-color":"","background-image":"","background-repeat":"repeat","background-position":"center center","background-size":"auto","background-attachment":"scroll","background-type":"","background-media":"","overlay-type":"","overlay-color":"","overlay-opacity":"","overlay-gradient":""}},"ast-content-background-meta":{"desktop":{"background-color":"var(--ast-global-color-5)","background-image":"","background-repeat":"repeat","background-position":"center center","background-size":"auto","background-attachment":"scroll","background-type":"","background-media":"","overlay-type":"","overlay-color":"","overlay-opacity":"","overlay-gradient":""},"tablet":{"background-color":"var(--ast-global-color-5)","background-image":"","background-repeat":"repeat","background-position":"center center","background-size":"auto","background-attachment":"scroll","background-type":"","background-media":"","overlay-type":"","overlay-color":"","overlay-opacity":"","overlay-gradient":""},"mobile":{"background-color":"var(--ast-global-color-5)","background-image":"","background-repeat":"repeat","background-position":"center center","background-size":"auto","background-attachment":"scroll","background-type":"","background-media":"","overlay-type":"","overlay-color":"","overlay-opacity":"","overlay-gradient":""}}},"product_brand":[],"product_cat":[191,138],"product_tag":[166,192,112,143,194,144,140,193],"class_list":{"0":"post-7055","1":"product","2":"type-product","3":"status-publish","4":"has-post-thumbnail","6":"product_cat-confession-chretienne","7":"product_cat-sac-fourre-tout","8":"product_tag-boheme","9":"product_tag-chretien","10":"product_tag-foi","11":"product_tag-illustration-fr","12":"product_tag-motivation","13":"product_tag-quotes-fr","14":"product_tag-sac-fourre-tout","15":"product_tag-verset-biblique","16":"desktop-align-center","17":"tablet-align-center","18":"mobile-align-center","19":"ast-product-gallery-layout-horizontal-slider","20":"ast-magnify-disabled","21":"ast-product-single-variable","22":"ast-product-tabs-layout-horizontal","23":"ast-qv-on-image","25":"first","26":"instock","27":"taxable","28":"shipping-taxable","29":"purchasable","30":"product-type-variable","31":"has-default-attributes"},"uagb_featured_image_src":{"full":["https:\/\/decoraprint.com\/wp-content\/uploads\/2025\/10\/Christian-Floral-02.jpg",2000,2000,false],"thumbnail":["https:\/\/decoraprint.com\/wp-content\/uploads\/2025\/10\/Christian-Floral-02-150x150.jpg",150,150,true],"medium":["https:\/\/decoraprint.com\/wp-content\/uploads\/2025\/10\/Christian-Floral-02-300x300.jpg",300,300,true],"medium_large":["https:\/\/decoraprint.com\/wp-content\/uploads\/2025\/10\/Christian-Floral-02-768x768.jpg",768,768,true],"large":["https:\/\/decoraprint.com\/wp-content\/uploads\/2025\/10\/Christian-Floral-02-1024x1024.jpg",1024,1024,true],"1536x1536":["https:\/\/decoraprint.com\/wp-content\/uploads\/2025\/10\/Christian-Floral-02-1536x1536.jpg",1536,1536,true],"2048x2048":["https:\/\/decoraprint.com\/wp-content\/uploads\/2025\/10\/Christian-Floral-02.jpg",2000,2000,false],"woocommerce_thumbnail":["https:\/\/decoraprint.com\/wp-content\/uploads\/2025\/10\/Christian-Floral-02-300x300.jpg",300,300,true],"woocommerce_single":["https:\/\/decoraprint.com\/wp-content\/uploads\/2025\/10\/Christian-Floral-02-600x600.jpg",600,600,true],"woocommerce_gallery_thumbnail":["https:\/\/decoraprint.com\/wp-content\/uploads\/2025\/10\/Christian-Floral-02-100x100.jpg",100,100,true]},"uagb_author_info":{"display_name":"decoraprint.com","author_link":"https:\/\/decoraprint.com\/fr\/author\/"},"uagb_comment_info":0,"uagb_excerpt":"Sac fourre-tout \u00e9cologique avec fermeture \u00e9clair \u00e0 design religieux Chr\u00e9tien Emportez des encouragements partout avec vous ! Ce magnifique sac fourre-tout \u00e9cologique, imprim\u00e9 de versets bibliques encourageants, est con\u00e7u pour inspirer foi, espoir et motivation au quotidien.","jetpack_sharing_enabled":true,"_links":{"self":[{"href":"https:\/\/decoraprint.com\/fr\/wp-json\/wp\/v2\/product\/7055","targetHints":{"allow":["GET"]}}],"collection":[{"href":"https:\/\/decoraprint.com\/fr\/wp-json\/wp\/v2\/product"}],"about":[{"href":"https:\/\/decoraprint.com\/fr\/wp-json\/wp\/v2\/types\/product"}],"replies":[{"embeddable":true,"href":"https:\/\/decoraprint.com\/fr\/wp-json\/wp\/v2\/comments?post=7055"}],"wp:featuredmedia":[{"embeddable":true,"href":"https:\/\/decoraprint.com\/fr\/wp-json\/wp\/v2\/media\/7021"}],"wp:attachment":[{"href":"https:\/\/decoraprint.com\/fr\/wp-json\/wp\/v2\/media?parent=7055"}],"wp:term":[{"taxonomy":"product_brand","embeddable":true,"href":"https:\/\/decoraprint.com\/fr\/wp-json\/wp\/v2\/product_brand?post=7055"},{"taxonomy":"product_cat","embeddable":true,"href":"https:\/\/decoraprint.com\/fr\/wp-json\/wp\/v2\/product_cat?post=7055"},{"taxonomy":"product_tag","embeddable":true,"href":"https:\/\/decoraprint.com\/fr\/wp-json\/wp\/v2\/product_tag?post=7055"}],"curies":[{"name":"wp","href":"https:\/\/api.w.org\/{rel}","templated":true}]}}