{"id":6444,"date":"2025-09-27T15:44:24","date_gmt":"2025-09-27T19:44:24","guid":{"rendered":"https:\/\/decoraprint.com\/?post_type=product&#038;p=6444"},"modified":"2025-09-27T15:48:12","modified_gmt":"2025-09-27T19:48:12","slug":"sac-fourre-tout-a-fleurs-boho-slow-down-and-soak-it-up-copy","status":"publish","type":"product","link":"https:\/\/decoraprint.com\/fr\/product\/sac-fourre-tout-a-fleurs-boho-slow-down-and-soak-it-up-copy\/","title":{"rendered":"Sac fourre-tout \u00e0 fleurs Boho \u2013 Focus on the Good"},"content":{"rendered":"<p data-start=\"121\" data-end=\"463\"><strong>Sac fourre-tout avec fermeture \u00e9clair \u00e9cologique fleurs boho<\/strong><\/p>\n<p data-start=\"121\" data-end=\"463\">Remportez vos objets de tous les jours avec style gr\u00e2ce \u00e0 ce sac fourre-tout \u00e9cologique avec des couleurs \u00e9clatantes style Boho. Confectionn\u00e9 avec des imprim\u00e9s vibrants et durables, ce sac arbore un motif boh\u00e8me tr\u00e8s tendance. <\/p>\n<p data-start=\"674\" data-end=\"912\">Mettez-le dans votre voiture, glissez-le dans votre sac \u00e0 dos ou portez-le fi\u00e8rement \u00e0 l&rsquo;\u00e9paule : c&rsquo;est le compagnon polyvalent que vous voudrez partout o\u00f9 vous irez. Cool, fonctionnel et durable, ce fourre-tout est plus qu&rsquo;un simple sac, c&rsquo;est une d\u00e9claration. <\/p>\n<p data-start=\"674\" data-end=\"912\">Le sac est imprim\u00e9 \u00e0 l&rsquo;aide d&rsquo;encres de sublimation de haute qualit\u00e9, ce qui garantit des couleurs \u00e9clatantes qui ne se d\u00e9colorent pas facilement. Pour des couleurs durables, lavez-le avec du savon doux et de l&rsquo;eau froide pour qu&rsquo;il reste frais. <\/p>\n<p data-start=\"674\" data-end=\"912\">Grand sac r\u00e9utilisable en toile de polyester 12 oz tr\u00e8s r\u00e9sistante avec fermeture \u00e9clair et longues poign\u00e9es, imprim\u00e9 d\u2019un c\u00f4t\u00e9.<br \/>\nDisponible dans 2 tailles : 13.5&Prime; x 15&Prime; x 4.5&Prime; OR 18&Prime; x 15&Prime; x 4.5&Prime;<\/p>\n","protected":false},"excerpt":{"rendered":"<p data-start=\"121\" data-end=\"463\"><strong>Sac fourre-tout avec fermeture \u00e9clair \u00e9cologique sapins de No\u00ebl Boh\u00e8me<\/strong><\/p>\n<p data-start=\"121\" data-end=\"463\">Remportez vos objets de tous les jours avec style gr\u00e2ce \u00e0 ce sac fourre-tout \u00e9cologique, symbole de No\u00ebl, la plus belle p\u00e9riode de l&rsquo;ann\u00e9e. Confectionn\u00e9 avec des imprim\u00e9s vibrants et durables, ce sac arbore un motif boh\u00e8me de sapins de No\u00ebl pour c\u00e9l\u00e9brer No\u00ebl et rester tendance.  <\/p>\n","protected":false},"featured_media":6396,"comment_status":"open","ping_status":"closed","template":"","meta":{"_uag_custom_page_level_css":"","site-sidebar-layout":"default","site-content-layout":"","ast-site-content-layout":"default","site-content-style":"default","site-sidebar-style":"default","ast-global-header-display":"","ast-banner-title-visibility":"","ast-main-header-display":"","ast-hfb-above-header-display":"","ast-hfb-below-header-display":"","ast-hfb-mobile-header-display":"","site-post-title":"","ast-breadcrumbs-content":"","ast-featured-img":"","footer-sml-layout":"","ast-disable-related-posts":"","theme-transparent-header-meta":"default","adv-header-id-meta":"","stick-header-meta":"","header-above-stick-meta":"","header-main-stick-meta":"","header-below-stick-meta":"","astra-migrate-meta-layouts":"set","ast-page-background-enabled":"default","ast-page-background-meta":{"desktop":{"background-color":"","background-image":"","background-repeat":"repeat","background-position":"center center","background-size":"auto","background-attachment":"scroll","background-type":"","background-media":"","overlay-type":"","overlay-color":"","overlay-opacity":"","overlay-gradient":""},"tablet":{"background-color":"","background-image":"","background-repeat":"repeat","background-position":"center center","background-size":"auto","background-attachment":"scroll","background-type":"","background-media":"","overlay-type":"","overlay-color":"","overlay-opacity":"","overlay-gradient":""},"mobile":{"background-color":"","background-image":"","background-repeat":"repeat","background-position":"center center","background-size":"auto","background-attachment":"scroll","background-type":"","background-media":"","overlay-type":"","overlay-color":"","overlay-opacity":"","overlay-gradient":""}},"ast-content-background-meta":{"desktop":{"background-color":"var(--ast-global-color-5)","background-image":"","background-repeat":"repeat","background-position":"center center","background-size":"auto","background-attachment":"scroll","background-type":"","background-media":"","overlay-type":"","overlay-color":"","overlay-opacity":"","overlay-gradient":""},"tablet":{"background-color":"var(--ast-global-color-5)","background-image":"","background-repeat":"repeat","background-position":"center center","background-size":"auto","background-attachment":"scroll","background-type":"","background-media":"","overlay-type":"","overlay-color":"","overlay-opacity":"","overlay-gradient":""},"mobile":{"background-color":"var(--ast-global-color-5)","background-image":"","background-repeat":"repeat","background-position":"center center","background-size":"auto","background-attachment":"scroll","background-type":"","background-media":"","overlay-type":"","overlay-color":"","overlay-opacity":"","overlay-gradient":""}}},"product_brand":[],"product_cat":[168,138],"product_tag":[166,143,144,140],"class_list":{"0":"post-6444","1":"product","2":"type-product","3":"status-publish","4":"has-post-thumbnail","6":"product_cat-boheme","7":"product_cat-sac-fourre-tout","8":"product_tag-boheme","9":"product_tag-illustration-fr","10":"product_tag-quotes-fr","11":"product_tag-sac-fourre-tout","12":"desktop-align-center","13":"tablet-align-center","14":"mobile-align-center","15":"ast-product-gallery-layout-horizontal-slider","16":"ast-magnify-disabled","17":"ast-product-single-variable","18":"ast-product-tabs-layout-horizontal","19":"ast-qv-on-image","21":"first","22":"instock","23":"taxable","24":"shipping-taxable","25":"purchasable","26":"product-type-variable","27":"has-default-attributes"},"uagb_featured_image_src":{"full":["https:\/\/decoraprint.com\/wp-content\/uploads\/2025\/09\/BohoFlower-06.jpg",2000,2000,false],"thumbnail":["https:\/\/decoraprint.com\/wp-content\/uploads\/2025\/09\/BohoFlower-06-150x150.jpg",150,150,true],"medium":["https:\/\/decoraprint.com\/wp-content\/uploads\/2025\/09\/BohoFlower-06-300x300.jpg",300,300,true],"medium_large":["https:\/\/decoraprint.com\/wp-content\/uploads\/2025\/09\/BohoFlower-06-768x768.jpg",768,768,true],"large":["https:\/\/decoraprint.com\/wp-content\/uploads\/2025\/09\/BohoFlower-06-1024x1024.jpg",1024,1024,true],"1536x1536":["https:\/\/decoraprint.com\/wp-content\/uploads\/2025\/09\/BohoFlower-06-1536x1536.jpg",1536,1536,true],"2048x2048":["https:\/\/decoraprint.com\/wp-content\/uploads\/2025\/09\/BohoFlower-06.jpg",2000,2000,false],"woocommerce_thumbnail":["https:\/\/decoraprint.com\/wp-content\/uploads\/2025\/09\/BohoFlower-06-300x300.jpg",300,300,true],"woocommerce_single":["https:\/\/decoraprint.com\/wp-content\/uploads\/2025\/09\/BohoFlower-06-600x600.jpg",600,600,true],"woocommerce_gallery_thumbnail":["https:\/\/decoraprint.com\/wp-content\/uploads\/2025\/09\/BohoFlower-06-100x100.jpg",100,100,true]},"uagb_author_info":{"display_name":"decoraprint.com","author_link":"https:\/\/decoraprint.com\/fr\/author\/"},"uagb_comment_info":0,"uagb_excerpt":"Sac fourre-tout avec fermeture \u00e9clair \u00e9cologique sapins de No\u00ebl Boh\u00e8me Remportez vos objets de tous les jours avec style gr\u00e2ce \u00e0 ce sac fourre-tout \u00e9cologique, symbole de No\u00ebl, la plus belle p\u00e9riode de l'ann\u00e9e. Confectionn\u00e9 avec des imprim\u00e9s vibrants et durables, ce sac arbore un motif boh\u00e8me de sapins de No\u00ebl pour c\u00e9l\u00e9brer No\u00ebl et\u2026","jetpack_sharing_enabled":true,"_links":{"self":[{"href":"https:\/\/decoraprint.com\/fr\/wp-json\/wp\/v2\/product\/6444","targetHints":{"allow":["GET"]}}],"collection":[{"href":"https:\/\/decoraprint.com\/fr\/wp-json\/wp\/v2\/product"}],"about":[{"href":"https:\/\/decoraprint.com\/fr\/wp-json\/wp\/v2\/types\/product"}],"replies":[{"embeddable":true,"href":"https:\/\/decoraprint.com\/fr\/wp-json\/wp\/v2\/comments?post=6444"}],"wp:featuredmedia":[{"embeddable":true,"href":"https:\/\/decoraprint.com\/fr\/wp-json\/wp\/v2\/media\/6396"}],"wp:attachment":[{"href":"https:\/\/decoraprint.com\/fr\/wp-json\/wp\/v2\/media?parent=6444"}],"wp:term":[{"taxonomy":"product_brand","embeddable":true,"href":"https:\/\/decoraprint.com\/fr\/wp-json\/wp\/v2\/product_brand?post=6444"},{"taxonomy":"product_cat","embeddable":true,"href":"https:\/\/decoraprint.com\/fr\/wp-json\/wp\/v2\/product_cat?post=6444"},{"taxonomy":"product_tag","embeddable":true,"href":"https:\/\/decoraprint.com\/fr\/wp-json\/wp\/v2\/product_tag?post=6444"}],"curies":[{"name":"wp","href":"https:\/\/api.w.org\/{rel}","templated":true}]}}