{"id":5765,"date":"2025-08-22T23:21:32","date_gmt":"2025-08-23T03:21:32","guid":{"rendered":"https:\/\/decoraprint.com\/?post_type=product&#038;p=5765"},"modified":"2025-08-22T23:22:42","modified_gmt":"2025-08-23T03:22:42","slug":"sac-fourre-tout-waddle-i-do-absolutely-nothing-copy","status":"publish","type":"product","link":"https:\/\/decoraprint.com\/fr\/product\/sac-fourre-tout-waddle-i-do-absolutely-nothing-copy\/","title":{"rendered":"Sac fourre-tout &#8211; Wait&#8230; What was I doing?"},"content":{"rendered":"<p data-start=\"121\" data-end=\"463\"><strong>Sac fourre-tout \u00e9cologique avec illustration d&rsquo;un animal rigolot<\/strong><\/p>\n<p data-start=\"121\" data-end=\"463\">Transportez vos objets essentiels avec style gr\u00e2ce \u00e0 ce fourre-tout \u00e9cologique orn\u00e9 d&rsquo;une illustration d&rsquo;animal amusante et ludique qui ne manquera pas de faire tourner les t\u00eates. Que vous alliez \u00e0 l&rsquo;\u00e9cole, \u00e0 l&rsquo;universit\u00e9 ou que vous fassiez des courses rapides, ce sac fourre-tout est fait pour vous. Son m\u00e9lange durable de coton et de polyester le rend \u00e0 la fois robuste et l\u00e9ger, parfait pour un usage quotidien.  <\/p>\n<p data-start=\"674\" data-end=\"912\">Mettez-le dans votre voiture, glissez-le dans votre sac \u00e0 dos ou portez-le fi\u00e8rement \u00e0 l&rsquo;\u00e9paule : c&rsquo;est le compagnon polyvalent que vous voudrez partout o\u00f9 vous irez. Cool, fonctionnel et durable, ce fourre-tout est plus qu&rsquo;un simple sac, c&rsquo;est une d\u00e9claration. <\/p>\n<p data-start=\"674\" data-end=\"912\">Le sac est imprim\u00e9 \u00e0 l&rsquo;aide d&rsquo;encres de sublimation de haute qualit\u00e9, ce qui garantit des couleurs \u00e9clatantes qui ne se d\u00e9colorent pas facilement. Pour des couleurs durables, lavez-le avec du savon doux et de l&rsquo;eau froide pour qu&rsquo;il reste frais. <\/p>\n<p data-start=\"674\" data-end=\"912\">Grand sac r\u00e9utilisable en toile de polyester 12 oz tr\u00e8s r\u00e9sistante avec fermeture \u00e9clair et longues poign\u00e9es, imprim\u00e9 d&rsquo;un c\u00f4t\u00e9.<br \/>\nDimensions : 13.5&Prime; x 15.5&Prime; x 4.5&Prime;<\/p>\n","protected":false},"excerpt":{"rendered":"<p data-start=\"121\" data-end=\"463\"><strong>Sac fourre-tout \u00e9cologique avec illustration d&rsquo;un animal rigolot<\/strong><\/p>\n<p data-start=\"121\" data-end=\"463\">Transportez vos objets essentiels avec style gr\u00e2ce \u00e0 ce fourre-tout \u00e9cologique orn\u00e9 d&rsquo;une illustration d&rsquo;animal amusante et ludique qui ne manquera pas de faire tourner les t\u00eates. Que vous alliez \u00e0 l&rsquo;\u00e9cole, \u00e0 l&rsquo;universit\u00e9 ou que vous fassiez des courses rapides, ce sac fourre-tout est fait pour vous. Son m\u00e9lange durable de coton et de polyester le rend \u00e0 la fois robuste et l\u00e9ger, parfait pour un usage quotidien.  <\/p>\n","protected":false},"featured_media":5730,"comment_status":"open","ping_status":"closed","template":"","meta":{"_uag_custom_page_level_css":"","site-sidebar-layout":"default","site-content-layout":"","ast-site-content-layout":"default","site-content-style":"default","site-sidebar-style":"default","ast-global-header-display":"","ast-banner-title-visibility":"","ast-main-header-display":"","ast-hfb-above-header-display":"","ast-hfb-below-header-display":"","ast-hfb-mobile-header-display":"","site-post-title":"","ast-breadcrumbs-content":"","ast-featured-img":"","footer-sml-layout":"","ast-disable-related-posts":"","theme-transparent-header-meta":"default","adv-header-id-meta":"","stick-header-meta":"","header-above-stick-meta":"","header-main-stick-meta":"","header-below-stick-meta":"","astra-migrate-meta-layouts":"set","ast-page-background-enabled":"default","ast-page-background-meta":{"desktop":{"background-color":"","background-image":"","background-repeat":"repeat","background-position":"center center","background-size":"auto","background-attachment":"scroll","background-type":"","background-media":"","overlay-type":"","overlay-color":"","overlay-opacity":"","overlay-gradient":""},"tablet":{"background-color":"","background-image":"","background-repeat":"repeat","background-position":"center center","background-size":"auto","background-attachment":"scroll","background-type":"","background-media":"","overlay-type":"","overlay-color":"","overlay-opacity":"","overlay-gradient":""},"mobile":{"background-color":"","background-image":"","background-repeat":"repeat","background-position":"center center","background-size":"auto","background-attachment":"scroll","background-type":"","background-media":"","overlay-type":"","overlay-color":"","overlay-opacity":"","overlay-gradient":""}},"ast-content-background-meta":{"desktop":{"background-color":"var(--ast-global-color-5)","background-image":"","background-repeat":"repeat","background-position":"center center","background-size":"auto","background-attachment":"scroll","background-type":"","background-media":"","overlay-type":"","overlay-color":"","overlay-opacity":"","overlay-gradient":""},"tablet":{"background-color":"var(--ast-global-color-5)","background-image":"","background-repeat":"repeat","background-position":"center center","background-size":"auto","background-attachment":"scroll","background-type":"","background-media":"","overlay-type":"","overlay-color":"","overlay-opacity":"","overlay-gradient":""},"mobile":{"background-color":"var(--ast-global-color-5)","background-image":"","background-repeat":"repeat","background-position":"center center","background-size":"auto","background-attachment":"scroll","background-type":"","background-media":"","overlay-type":"","overlay-color":"","overlay-opacity":"","overlay-gradient":""}}},"product_brand":[],"product_cat":[139,138],"product_tag":[141,143,144,142,140],"class_list":{"0":"post-5765","1":"product","2":"type-product","3":"status-publish","4":"has-post-thumbnail","6":"product_cat-illustration-danimaux-rigolots","7":"product_cat-sac-fourre-tout","8":"product_tag-animaux","9":"product_tag-illustration-fr","10":"product_tag-quotes-fr","11":"product_tag-rigolot","12":"product_tag-sac-fourre-tout","13":"desktop-align-center","14":"tablet-align-center","15":"mobile-align-center","16":"ast-product-gallery-layout-horizontal-slider","17":"ast-product-gallery-with-no-image","18":"ast-magnify-disabled","19":"ast-product-tabs-layout-horizontal","20":"ast-qv-on-image","22":"first","23":"instock","24":"taxable","25":"shipping-taxable","26":"purchasable","27":"product-type-simple"},"uagb_featured_image_src":{"full":["https:\/\/decoraprint.com\/wp-content\/uploads\/2025\/08\/Wait-what-was-I-doing.jpg",2000,2000,false],"thumbnail":["https:\/\/decoraprint.com\/wp-content\/uploads\/2025\/08\/Wait-what-was-I-doing-150x150.jpg",150,150,true],"medium":["https:\/\/decoraprint.com\/wp-content\/uploads\/2025\/08\/Wait-what-was-I-doing-300x300.jpg",300,300,true],"medium_large":["https:\/\/decoraprint.com\/wp-content\/uploads\/2025\/08\/Wait-what-was-I-doing-768x768.jpg",768,768,true],"large":["https:\/\/decoraprint.com\/wp-content\/uploads\/2025\/08\/Wait-what-was-I-doing-1024x1024.jpg",1024,1024,true],"1536x1536":["https:\/\/decoraprint.com\/wp-content\/uploads\/2025\/08\/Wait-what-was-I-doing-1536x1536.jpg",1536,1536,true],"2048x2048":["https:\/\/decoraprint.com\/wp-content\/uploads\/2025\/08\/Wait-what-was-I-doing.jpg",2000,2000,false],"woocommerce_thumbnail":["https:\/\/decoraprint.com\/wp-content\/uploads\/2025\/08\/Wait-what-was-I-doing-300x300.jpg",300,300,true],"woocommerce_single":["https:\/\/decoraprint.com\/wp-content\/uploads\/2025\/08\/Wait-what-was-I-doing-600x600.jpg",600,600,true],"woocommerce_gallery_thumbnail":["https:\/\/decoraprint.com\/wp-content\/uploads\/2025\/08\/Wait-what-was-I-doing-100x100.jpg",100,100,true]},"uagb_author_info":{"display_name":"decoraprint.com","author_link":"https:\/\/decoraprint.com\/fr\/author\/"},"uagb_comment_info":0,"uagb_excerpt":"Sac fourre-tout \u00e9cologique avec illustration d'un animal rigolot Transportez vos objets essentiels avec style gr\u00e2ce \u00e0 ce fourre-tout \u00e9cologique orn\u00e9 d'une illustration d'animal amusante et ludique qui ne manquera pas de faire tourner les t\u00eates. Que vous alliez \u00e0 l'\u00e9cole, \u00e0 l'universit\u00e9 ou que vous fassiez des courses rapides, ce sac fourre-tout est fait pour\u2026","jetpack_sharing_enabled":true,"_links":{"self":[{"href":"https:\/\/decoraprint.com\/fr\/wp-json\/wp\/v2\/product\/5765","targetHints":{"allow":["GET"]}}],"collection":[{"href":"https:\/\/decoraprint.com\/fr\/wp-json\/wp\/v2\/product"}],"about":[{"href":"https:\/\/decoraprint.com\/fr\/wp-json\/wp\/v2\/types\/product"}],"replies":[{"embeddable":true,"href":"https:\/\/decoraprint.com\/fr\/wp-json\/wp\/v2\/comments?post=5765"}],"wp:featuredmedia":[{"embeddable":true,"href":"https:\/\/decoraprint.com\/fr\/wp-json\/wp\/v2\/media\/5730"}],"wp:attachment":[{"href":"https:\/\/decoraprint.com\/fr\/wp-json\/wp\/v2\/media?parent=5765"}],"wp:term":[{"taxonomy":"product_brand","embeddable":true,"href":"https:\/\/decoraprint.com\/fr\/wp-json\/wp\/v2\/product_brand?post=5765"},{"taxonomy":"product_cat","embeddable":true,"href":"https:\/\/decoraprint.com\/fr\/wp-json\/wp\/v2\/product_cat?post=5765"},{"taxonomy":"product_tag","embeddable":true,"href":"https:\/\/decoraprint.com\/fr\/wp-json\/wp\/v2\/product_tag?post=5765"}],"curies":[{"name":"wp","href":"https:\/\/api.w.org\/{rel}","templated":true}]}}