{"id":5503,"date":"2025-05-30T13:09:01","date_gmt":"2025-05-30T17:09:01","guid":{"rendered":"https:\/\/decoraprint.com\/?post_type=product&#038;p=5503"},"modified":"2025-05-30T13:11:11","modified_gmt":"2025-05-30T17:11:11","slug":"gobelet-personnalise-sur-le-theme-de-la-profession-pilote-de-course-copy","status":"publish","type":"product","link":"https:\/\/decoraprint.com\/fr\/product\/gobelet-personnalise-sur-le-theme-de-la-profession-pilote-de-course-copy\/","title":{"rendered":"Gobelet personnalis\u00e9 sur le th\u00e8me de la profession \u2013 Pilote"},"content":{"rendered":"<p data-start=\"140\" data-end=\"484\">Montrez votre fiert\u00e9 pour la profession ou honorez quelqu&rsquo;un de sp\u00e9cial avec notre <strong data-start=\"213\" data-end=\"255\">gobelet personnalis\u00e9 sur le th\u00e8me de la profession<\/strong>!<\/p>\n<p data-start=\"140\" data-end=\"484\">Con\u00e7u pour c\u00e9l\u00e9brer la diversit\u00e9 des carri\u00e8res qui fa\u00e7onnent notre monde, ce gobelet pr\u00e9sente des illustrations vibrantes et d\u00e9taill\u00e9es d&rsquo;une vari\u00e9t\u00e9 de m\u00e9tiers : m\u00e9decins, infirmi\u00e8res, enseignants, pompiers, ing\u00e9nieurs, artistes, etc.<\/p>\n<p data-start=\"140\" data-end=\"484\">Fabriqu\u00e9 en <strong data-start=\"499\" data-end=\"526\">acier inoxydable de premi\u00e8re qualit\u00e9<\/strong>, ce <strong data-start=\"533\" data-end=\"554\">gobelet isotherme<\/strong> garde les boissons chaudes ou froides jusqu&rsquo;\u00e0 8 heures, ce qui est parfait pour les longs quarts de travail ou les journ\u00e9es bien remplies. Que vous sirotiez votre caf\u00e9 du matin ou que vous restiez hydrat\u00e9 tout au long de la journ\u00e9e, ce gobelet est un compagnon \u00e9l\u00e9gant et utile. <\/p>\n<p data-start=\"795\" data-end=\"811\">\ud83d\udd39 <strong data-start=\"798\" data-end=\"811\">Caract\u00e9ristiques :<\/strong><\/p>\n<ul data-start=\"812\" data-end=\"1070\">\n<li data-start=\"812\" data-end=\"868\">\n<p data-start=\"814\" data-end=\"868\">Conception sur le th\u00e8me de la profession avec des illustrations color\u00e9es<\/p>\n<\/li>\n<li data-start=\"869\" data-end=\"939\">\n<p data-start=\"871\" data-end=\"939\"><strong data-start=\"871\" data-end=\"901\">Personnalisez avec votre nom<\/strong> ou celui du destinataire du cadeau<\/p>\n<\/li>\n<li data-start=\"940\" data-end=\"973\">\n<p data-start=\"942\" data-end=\"973\">Isolation sous vide \u00e0 double paroi<\/p>\n<\/li>\n<li data-start=\"974\" data-end=\"997\">\n<p data-start=\"976\" data-end=\"997\">Couvercle anti-\u00e9claboussures<\/p>\n<\/li>\n<li data-start=\"1028\" data-end=\"1070\">\n<p data-start=\"1030\" data-end=\"1070\">Capacit\u00e9 de 20 oz<\/p>\n<\/li>\n<\/ul>\n","protected":false},"excerpt":{"rendered":"<p data-start=\"1072\" data-end=\"1167\">Id\u00e9al comme cadeau pour les coll\u00e8gues de travail, les mentors, les jeunes dipl\u00f4m\u00e9s ou toute personne passionn\u00e9e par son travail.<\/p>\n<p data-start=\"1169\" data-end=\"1255\"><strong data-start=\"1171\" data-end=\"1215\">C\u00e9l\u00e9brez ce que vous faites, <\/strong>ajoutez votre nom et rendez-le unique !<\/p>\n","protected":false},"featured_media":5415,"comment_status":"open","ping_status":"closed","template":"","meta":{"_uag_custom_page_level_css":"","site-sidebar-layout":"default","site-content-layout":"","ast-site-content-layout":"default","site-content-style":"default","site-sidebar-style":"default","ast-global-header-display":"","ast-banner-title-visibility":"","ast-main-header-display":"","ast-hfb-above-header-display":"","ast-hfb-below-header-display":"","ast-hfb-mobile-header-display":"","site-post-title":"","ast-breadcrumbs-content":"","ast-featured-img":"","footer-sml-layout":"","ast-disable-related-posts":"","theme-transparent-header-meta":"default","adv-header-id-meta":"","stick-header-meta":"","header-above-stick-meta":"","header-main-stick-meta":"","header-below-stick-meta":"","astra-migrate-meta-layouts":"set","ast-page-background-enabled":"default","ast-page-background-meta":{"desktop":{"background-color":"","background-image":"","background-repeat":"repeat","background-position":"center center","background-size":"auto","background-attachment":"scroll","background-type":"","background-media":"","overlay-type":"","overlay-color":"","overlay-opacity":"","overlay-gradient":""},"tablet":{"background-color":"","background-image":"","background-repeat":"repeat","background-position":"center center","background-size":"auto","background-attachment":"scroll","background-type":"","background-media":"","overlay-type":"","overlay-color":"","overlay-opacity":"","overlay-gradient":""},"mobile":{"background-color":"","background-image":"","background-repeat":"repeat","background-position":"center center","background-size":"auto","background-attachment":"scroll","background-type":"","background-media":"","overlay-type":"","overlay-color":"","overlay-opacity":"","overlay-gradient":""}},"ast-content-background-meta":{"desktop":{"background-color":"var(--ast-global-color-5)","background-image":"","background-repeat":"repeat","background-position":"center center","background-size":"auto","background-attachment":"scroll","background-type":"","background-media":"","overlay-type":"","overlay-color":"","overlay-opacity":"","overlay-gradient":""},"tablet":{"background-color":"var(--ast-global-color-5)","background-image":"","background-repeat":"repeat","background-position":"center center","background-size":"auto","background-attachment":"scroll","background-type":"","background-media":"","overlay-type":"","overlay-color":"","overlay-opacity":"","overlay-gradient":""},"mobile":{"background-color":"var(--ast-global-color-5)","background-image":"","background-repeat":"repeat","background-position":"center center","background-size":"auto","background-attachment":"scroll","background-type":"","background-media":"","overlay-type":"","overlay-color":"","overlay-opacity":"","overlay-gradient":""}}},"product_brand":[],"product_cat":[72,127],"product_tag":[130,128,129],"class_list":{"0":"post-5503","1":"product","2":"type-product","3":"status-publish","4":"has-post-thumbnail","6":"product_cat-gobelets","7":"product_cat-professions-fr","8":"product_tag-emploi","9":"product_tag-gobelets","10":"product_tag-profession-fr","11":"desktop-align-center","12":"tablet-align-center","13":"mobile-align-center","14":"ast-product-gallery-layout-horizontal-slider","15":"ast-magnify-disabled","16":"ast-product-tabs-layout-horizontal","17":"ast-qv-on-image","18":"wcpa_has_options","20":"first","21":"instock","22":"taxable","23":"shipping-taxable","24":"purchasable","25":"product-type-simple"},"uagb_featured_image_src":{"full":["https:\/\/decoraprint.com\/wp-content\/uploads\/2025\/05\/Tumbler_Pilote.jpg",2000,2000,false],"thumbnail":["https:\/\/decoraprint.com\/wp-content\/uploads\/2025\/05\/Tumbler_Pilote-150x150.jpg",150,150,true],"medium":["https:\/\/decoraprint.com\/wp-content\/uploads\/2025\/05\/Tumbler_Pilote-300x300.jpg",300,300,true],"medium_large":["https:\/\/decoraprint.com\/wp-content\/uploads\/2025\/05\/Tumbler_Pilote-768x768.jpg",768,768,true],"large":["https:\/\/decoraprint.com\/wp-content\/uploads\/2025\/05\/Tumbler_Pilote-1024x1024.jpg",1024,1024,true],"1536x1536":["https:\/\/decoraprint.com\/wp-content\/uploads\/2025\/05\/Tumbler_Pilote-1536x1536.jpg",1536,1536,true],"2048x2048":["https:\/\/decoraprint.com\/wp-content\/uploads\/2025\/05\/Tumbler_Pilote.jpg",2000,2000,false],"woocommerce_thumbnail":["https:\/\/decoraprint.com\/wp-content\/uploads\/2025\/05\/Tumbler_Pilote-300x300.jpg",300,300,true],"woocommerce_single":["https:\/\/decoraprint.com\/wp-content\/uploads\/2025\/05\/Tumbler_Pilote-600x600.jpg",600,600,true],"woocommerce_gallery_thumbnail":["https:\/\/decoraprint.com\/wp-content\/uploads\/2025\/05\/Tumbler_Pilote-100x100.jpg",100,100,true]},"uagb_author_info":{"display_name":"decoraprint.com","author_link":"https:\/\/decoraprint.com\/fr\/author\/"},"uagb_comment_info":0,"uagb_excerpt":"Id\u00e9al comme cadeau pour les coll\u00e8gues de travail, les mentors, les jeunes dipl\u00f4m\u00e9s ou toute personne passionn\u00e9e par son travail. C\u00e9l\u00e9brez ce que vous faites, ajoutez votre nom et rendez-le unique !","jetpack_sharing_enabled":true,"_links":{"self":[{"href":"https:\/\/decoraprint.com\/fr\/wp-json\/wp\/v2\/product\/5503","targetHints":{"allow":["GET"]}}],"collection":[{"href":"https:\/\/decoraprint.com\/fr\/wp-json\/wp\/v2\/product"}],"about":[{"href":"https:\/\/decoraprint.com\/fr\/wp-json\/wp\/v2\/types\/product"}],"replies":[{"embeddable":true,"href":"https:\/\/decoraprint.com\/fr\/wp-json\/wp\/v2\/comments?post=5503"}],"wp:featuredmedia":[{"embeddable":true,"href":"https:\/\/decoraprint.com\/fr\/wp-json\/wp\/v2\/media\/5415"}],"wp:attachment":[{"href":"https:\/\/decoraprint.com\/fr\/wp-json\/wp\/v2\/media?parent=5503"}],"wp:term":[{"taxonomy":"product_brand","embeddable":true,"href":"https:\/\/decoraprint.com\/fr\/wp-json\/wp\/v2\/product_brand?post=5503"},{"taxonomy":"product_cat","embeddable":true,"href":"https:\/\/decoraprint.com\/fr\/wp-json\/wp\/v2\/product_cat?post=5503"},{"taxonomy":"product_tag","embeddable":true,"href":"https:\/\/decoraprint.com\/fr\/wp-json\/wp\/v2\/product_tag?post=5503"}],"curies":[{"name":"wp","href":"https:\/\/api.w.org\/{rel}","templated":true}]}}