{"id":3591,"date":"2025-03-22T22:52:31","date_gmt":"2025-03-22T22:52:31","guid":{"rendered":"https:\/\/decoraprint.com\/?post_type=product&#038;p=3591"},"modified":"2025-03-26T00:45:59","modified_gmt":"2025-03-26T00:45:59","slug":"tasse-cadeau-dappreciation-pour-enseignat-e-teach-love-inspire-copy","status":"publish","type":"product","link":"https:\/\/decoraprint.com\/fr\/product\/tasse-cadeau-dappreciation-pour-enseignat-e-teach-love-inspire-copy\/","title":{"rendered":"Tasse cadeau d\u2019appr\u00e9ciation pour enseignat-e Teach or Treat"},"content":{"rendered":"<h2>Tasse cadeau d&rsquo;appr\u00e9ciation pour enseignant-e<\/h2>\n<p class=\"\" data-start=\"186\" data-end=\"390\">C\u00e9l\u00e9brez l&rsquo;incroyable impact des enseignants avec cette tasse magnifiquement con\u00e7ue et imprim\u00e9e par sublimation \u2014 un parfait t\u00e9moignage d&rsquo;appr\u00e9ciation pour l&rsquo;\u00e9ducateur qui inspire, guide et change la vie chaque jour.<\/p>\n<p>Imprim\u00e9e avec des coukeurs vibrantes et durables, cette tasse pr\u00e9sente un message sinc\u00e8re qui refl\u00e8te \u00e0 quel point un bon enseignant compte. Que ce soit pour la f\u00eate des enseignants, la fin de l&rsquo;ann\u00e9e scolaire ou simplement parce que, cette tasse est une fa\u00e7on simple mais significative de dire MERCI pour leur d\u00e9vouement, leur patience et leur travail acharn\u00e9.<\/p>\n<h2>Impressions par sublimation de haute qualit\u00e9<\/h2>\n<p>Ce mug est imprim\u00e9 par sublimation, ce qui garantit des couleurs durables et \u00e9clatantes. Passe au four \u00e0 micro-ondes et au lave-vaisselle.<\/p>\n<h2>Commandes en gros<\/h2>\n<p>Pour les quantit\u00e9s et les commandes en gros, veuillez nous contacter par courriel.<\/p>\n","protected":false},"excerpt":{"rendered":"<p>Commencez vos matin\u00e9es avec une tasse personnalis\u00e9 \u00e0 l&rsquo;image de ce chien dr\u00f4le. Que vous soyez un passionn\u00e9 de chiens ou que vous connaissiez quelqu&rsquo;un qui l&rsquo;est, cette tasse unique est le cadeau id\u00e9al pour diverses occasions tout au long de l&rsquo;ann\u00e9e.<\/p>\n","protected":false},"featured_media":3518,"comment_status":"open","ping_status":"closed","template":"","meta":{"_uag_custom_page_level_css":"","site-sidebar-layout":"default","site-content-layout":"","ast-site-content-layout":"default","site-content-style":"default","site-sidebar-style":"default","ast-global-header-display":"","ast-banner-title-visibility":"","ast-main-header-display":"","ast-hfb-above-header-display":"","ast-hfb-below-header-display":"","ast-hfb-mobile-header-display":"","site-post-title":"","ast-breadcrumbs-content":"","ast-featured-img":"","footer-sml-layout":"","ast-disable-related-posts":"","theme-transparent-header-meta":"default","adv-header-id-meta":"","stick-header-meta":"","header-above-stick-meta":"","header-main-stick-meta":"","header-below-stick-meta":"","astra-migrate-meta-layouts":"set","ast-page-background-enabled":"default","ast-page-background-meta":{"desktop":{"background-color":"","background-image":"","background-repeat":"repeat","background-position":"center center","background-size":"auto","background-attachment":"scroll","background-type":"","background-media":"","overlay-type":"","overlay-color":"","overlay-opacity":"","overlay-gradient":""},"tablet":{"background-color":"","background-image":"","background-repeat":"repeat","background-position":"center center","background-size":"auto","background-attachment":"scroll","background-type":"","background-media":"","overlay-type":"","overlay-color":"","overlay-opacity":"","overlay-gradient":""},"mobile":{"background-color":"","background-image":"","background-repeat":"repeat","background-position":"center center","background-size":"auto","background-attachment":"scroll","background-type":"","background-media":"","overlay-type":"","overlay-color":"","overlay-opacity":"","overlay-gradient":""}},"ast-content-background-meta":{"desktop":{"background-color":"var(--ast-global-color-5)","background-image":"","background-repeat":"repeat","background-position":"center center","background-size":"auto","background-attachment":"scroll","background-type":"","background-media":"","overlay-type":"","overlay-color":"","overlay-opacity":"","overlay-gradient":""},"tablet":{"background-color":"var(--ast-global-color-5)","background-image":"","background-repeat":"repeat","background-position":"center center","background-size":"auto","background-attachment":"scroll","background-type":"","background-media":"","overlay-type":"","overlay-color":"","overlay-opacity":"","overlay-gradient":""},"mobile":{"background-color":"var(--ast-global-color-5)","background-image":"","background-repeat":"repeat","background-position":"center center","background-size":"auto","background-attachment":"scroll","background-type":"","background-media":"","overlay-type":"","overlay-color":"","overlay-opacity":"","overlay-gradient":""}}},"product_brand":[],"product_cat":[81,57],"product_tag":[82,77,84,61,63],"class_list":{"0":"post-3591","1":"product","2":"type-product","3":"status-publish","4":"has-post-thumbnail","6":"product_cat-appreciation-enseignant","7":"product_cat-tasse","8":"product_tag-appreciation-fr","9":"product_tag-enseignante","10":"product_tag-halloween-fr","11":"product_tag-sur-mesure","12":"product_tag-tasses","13":"desktop-align-center","14":"tablet-align-center","15":"mobile-align-center","16":"ast-product-gallery-layout-horizontal-slider","17":"ast-magnify-disabled","18":"ast-product-single-variable","19":"ast-product-tabs-layout-horizontal","20":"ast-qv-on-image","22":"first","23":"instock","24":"taxable","25":"shipping-taxable","26":"purchasable","27":"product-type-variable"},"uagb_featured_image_src":{"full":["https:\/\/decoraprint.com\/wp-content\/uploads\/2025\/03\/TeachOrTreat_1.jpg",1200,1200,false],"thumbnail":["https:\/\/decoraprint.com\/wp-content\/uploads\/2025\/03\/TeachOrTreat_1-150x150.jpg",150,150,true],"medium":["https:\/\/decoraprint.com\/wp-content\/uploads\/2025\/03\/TeachOrTreat_1-300x300.jpg",300,300,true],"medium_large":["https:\/\/decoraprint.com\/wp-content\/uploads\/2025\/03\/TeachOrTreat_1-768x768.jpg",768,768,true],"large":["https:\/\/decoraprint.com\/wp-content\/uploads\/2025\/03\/TeachOrTreat_1-1024x1024.jpg",1024,1024,true],"1536x1536":["https:\/\/decoraprint.com\/wp-content\/uploads\/2025\/03\/TeachOrTreat_1.jpg",1200,1200,false],"2048x2048":["https:\/\/decoraprint.com\/wp-content\/uploads\/2025\/03\/TeachOrTreat_1.jpg",1200,1200,false],"woocommerce_thumbnail":["https:\/\/decoraprint.com\/wp-content\/uploads\/2025\/03\/TeachOrTreat_1-300x300.jpg",300,300,true],"woocommerce_single":["https:\/\/decoraprint.com\/wp-content\/uploads\/2025\/03\/TeachOrTreat_1-600x600.jpg",600,600,true],"woocommerce_gallery_thumbnail":["https:\/\/decoraprint.com\/wp-content\/uploads\/2025\/03\/TeachOrTreat_1-100x100.jpg",100,100,true]},"uagb_author_info":{"display_name":"decoraprint.com","author_link":"https:\/\/decoraprint.com\/fr\/author\/"},"uagb_comment_info":0,"uagb_excerpt":"Commencez vos matin\u00e9es avec une tasse personnalis\u00e9 \u00e0 l'image de ce chien dr\u00f4le. Que vous soyez un passionn\u00e9 de chiens ou que vous connaissiez quelqu'un qui l'est, cette tasse unique est le cadeau id\u00e9al pour diverses occasions tout au long de l'ann\u00e9e.","jetpack_sharing_enabled":true,"_links":{"self":[{"href":"https:\/\/decoraprint.com\/fr\/wp-json\/wp\/v2\/product\/3591","targetHints":{"allow":["GET"]}}],"collection":[{"href":"https:\/\/decoraprint.com\/fr\/wp-json\/wp\/v2\/product"}],"about":[{"href":"https:\/\/decoraprint.com\/fr\/wp-json\/wp\/v2\/types\/product"}],"replies":[{"embeddable":true,"href":"https:\/\/decoraprint.com\/fr\/wp-json\/wp\/v2\/comments?post=3591"}],"wp:featuredmedia":[{"embeddable":true,"href":"https:\/\/decoraprint.com\/fr\/wp-json\/wp\/v2\/media\/3518"}],"wp:attachment":[{"href":"https:\/\/decoraprint.com\/fr\/wp-json\/wp\/v2\/media?parent=3591"}],"wp:term":[{"taxonomy":"product_brand","embeddable":true,"href":"https:\/\/decoraprint.com\/fr\/wp-json\/wp\/v2\/product_brand?post=3591"},{"taxonomy":"product_cat","embeddable":true,"href":"https:\/\/decoraprint.com\/fr\/wp-json\/wp\/v2\/product_cat?post=3591"},{"taxonomy":"product_tag","embeddable":true,"href":"https:\/\/decoraprint.com\/fr\/wp-json\/wp\/v2\/product_tag?post=3591"}],"curies":[{"name":"wp","href":"https:\/\/api.w.org\/{rel}","templated":true}]}}