{"id":3167,"date":"2025-03-21T02:33:16","date_gmt":"2025-03-21T02:33:16","guid":{"rendered":"https:\/\/decoraprint.com\/?post_type=product&#038;p=3167"},"modified":"2025-03-21T15:12:24","modified_gmt":"2025-03-21T15:12:24","slug":"tasse-chien-drole-cocker-epagneul-copy","status":"publish","type":"product","link":"https:\/\/decoraprint.com\/fr\/product\/tasse-chien-drole-cocker-epagneul-copy\/","title":{"rendered":"Tasse chien dr\u00f4le corgi"},"content":{"rendered":"<h2>Tasse chien dr\u00f4le<\/h2>\n<p>Savourez votre boisson pr\u00e9f\u00e9r\u00e9e dans cette tasse en c\u00e9ramique de premi\u00e8re qualit\u00e9, orn\u00e9e d\u2019une image dr\u00f4le d\u2019un corgi. Le mug peut \u00eatre personnalis\u00e9 avec le nom du chien, ce qui en fait le cadeau id\u00e9al pour les amoureux des chiens ou un cadeau pour vous-m\u00eame. Chaque gorg\u00e9e vous rappellera votre pitou, apportant joie et humour \u00e0 votre routine matinale.<\/p>\n<p>La c\u00e9l\u00e9bration de la f\u00eate des p\u00e8res, d\u2019un anniversaire ou d\u2019une f\u00eate devient encore plus sp\u00e9ciale lorsque vous pouvez personnaliser cette tasse avec ce pitou dr\u00f4le en adressant des v\u0153ux chaleureux. Imaginez la joie sur le visage de vos proches lorsqu\u2019ils d\u00e9balleront un cadeau aussi attentionn\u00e9. Qu&rsquo;il s&rsquo;agisse d&rsquo;un bas de No\u00ebl ou d&rsquo;une surprise sinc\u00e8re, cette tasse n&rsquo;est pas seulement un cadeau, c&rsquo;est un gage d&rsquo;amour, qui fera de chaque pause caf\u00e9 un beau souvenir de votre meilleur ami.<\/p>\n<p>Offrez un cadeau tr\u00e8s sp\u00e9cial et r\u00e9pandez la joie avec une touche attentionn\u00e9e qui r\u00e9sonne avec les amoureux des chiens partout!<\/p>\n<h2>Impressions par sublimation de haute qualit\u00e9<\/h2>\n<p>Ce mug est imprim\u00e9 par sublimation, ce qui garantit des couleurs durables et \u00e9clatantes. Passe au four \u00e0 micro-ondes et au lave-vaisselle.<\/p>\n<h2>Comment commander<\/h2>\n<p>La plupart de nos produits peuvent \u00eatre personnalis\u00e9s. Veuillez ajouter le nom dans le champ de texte ci-dessus et s\u00e9lectionner le num\u00e9ro de police que vous souhaitez utiliser dans le menu d\u00e9roulant. (Voir l&rsquo;image pour les polices disponibles)<\/p>\n<h2>Commandes en gros<\/h2>\n<p>Pour les quantit\u00e9s et les commandes en gros, veuillez nous contacter par courriel.<\/p>\n","protected":false},"excerpt":{"rendered":"<p>Commencez vos matin\u00e9es avec une tasse personnalis\u00e9 \u00e0 l&rsquo;image de ce chien dr\u00f4le. Que vous soyez un passionn\u00e9 de chiens ou que vous connaissiez quelqu&rsquo;un qui l&rsquo;est, cette tasse unique est le cadeau id\u00e9al pour diverses occasions tout au long de l&rsquo;ann\u00e9e.<\/p>\n","protected":false},"featured_media":2775,"comment_status":"open","ping_status":"closed","template":"","meta":{"_uag_custom_page_level_css":"","site-sidebar-layout":"default","site-content-layout":"","ast-site-content-layout":"default","site-content-style":"default","site-sidebar-style":"default","ast-global-header-display":"","ast-banner-title-visibility":"","ast-main-header-display":"","ast-hfb-above-header-display":"","ast-hfb-below-header-display":"","ast-hfb-mobile-header-display":"","site-post-title":"","ast-breadcrumbs-content":"","ast-featured-img":"","footer-sml-layout":"","ast-disable-related-posts":"","theme-transparent-header-meta":"default","adv-header-id-meta":"","stick-header-meta":"","header-above-stick-meta":"","header-main-stick-meta":"","header-below-stick-meta":"","astra-migrate-meta-layouts":"set","ast-page-background-enabled":"default","ast-page-background-meta":{"desktop":{"background-color":"","background-image":"","background-repeat":"repeat","background-position":"center center","background-size":"auto","background-attachment":"scroll","background-type":"","background-media":"","overlay-type":"","overlay-color":"","overlay-opacity":"","overlay-gradient":""},"tablet":{"background-color":"","background-image":"","background-repeat":"repeat","background-position":"center center","background-size":"auto","background-attachment":"scroll","background-type":"","background-media":"","overlay-type":"","overlay-color":"","overlay-opacity":"","overlay-gradient":""},"mobile":{"background-color":"","background-image":"","background-repeat":"repeat","background-position":"center center","background-size":"auto","background-attachment":"scroll","background-type":"","background-media":"","overlay-type":"","overlay-color":"","overlay-opacity":"","overlay-gradient":""}},"ast-content-background-meta":{"desktop":{"background-color":"var(--ast-global-color-5)","background-image":"","background-repeat":"repeat","background-position":"center center","background-size":"auto","background-attachment":"scroll","background-type":"","background-media":"","overlay-type":"","overlay-color":"","overlay-opacity":"","overlay-gradient":""},"tablet":{"background-color":"var(--ast-global-color-5)","background-image":"","background-repeat":"repeat","background-position":"center center","background-size":"auto","background-attachment":"scroll","background-type":"","background-media":"","overlay-type":"","overlay-color":"","overlay-opacity":"","overlay-gradient":""},"mobile":{"background-color":"var(--ast-global-color-5)","background-image":"","background-repeat":"repeat","background-position":"center center","background-size":"auto","background-attachment":"scroll","background-type":"","background-media":"","overlay-type":"","overlay-color":"","overlay-opacity":"","overlay-gradient":""}}},"product_brand":[],"product_cat":[59,57],"product_tag":[65,62,64,61,63],"class_list":{"0":"post-3167","1":"product","2":"type-product","3":"status-publish","4":"has-post-thumbnail","6":"product_cat-chiens-drole","7":"product_cat-tasse","8":"product_tag-animaux-de-compagnie","9":"product_tag-chiens","10":"product_tag-personnalise","11":"product_tag-sur-mesure","12":"product_tag-tasses","13":"desktop-align-center","14":"tablet-align-center","15":"mobile-align-center","16":"ast-product-gallery-layout-horizontal-slider","17":"ast-magnify-disabled","18":"ast-product-single-variable","19":"ast-product-tabs-layout-horizontal","20":"ast-qv-on-image","21":"wcpa_has_options","23":"first","24":"instock","25":"taxable","26":"shipping-taxable","27":"purchasable","28":"product-type-variable"},"uagb_featured_image_src":{"full":["https:\/\/decoraprint.com\/wp-content\/uploads\/2025\/03\/11M-Corgi_1.jpg",1200,1200,false],"thumbnail":["https:\/\/decoraprint.com\/wp-content\/uploads\/2025\/03\/11M-Corgi_1-150x150.jpg",150,150,true],"medium":["https:\/\/decoraprint.com\/wp-content\/uploads\/2025\/03\/11M-Corgi_1-300x300.jpg",300,300,true],"medium_large":["https:\/\/decoraprint.com\/wp-content\/uploads\/2025\/03\/11M-Corgi_1-768x768.jpg",768,768,true],"large":["https:\/\/decoraprint.com\/wp-content\/uploads\/2025\/03\/11M-Corgi_1-1024x1024.jpg",1024,1024,true],"1536x1536":["https:\/\/decoraprint.com\/wp-content\/uploads\/2025\/03\/11M-Corgi_1.jpg",1200,1200,false],"2048x2048":["https:\/\/decoraprint.com\/wp-content\/uploads\/2025\/03\/11M-Corgi_1.jpg",1200,1200,false],"woocommerce_thumbnail":["https:\/\/decoraprint.com\/wp-content\/uploads\/2025\/03\/11M-Corgi_1-300x300.jpg",300,300,true],"woocommerce_single":["https:\/\/decoraprint.com\/wp-content\/uploads\/2025\/03\/11M-Corgi_1-600x600.jpg",600,600,true],"woocommerce_gallery_thumbnail":["https:\/\/decoraprint.com\/wp-content\/uploads\/2025\/03\/11M-Corgi_1-100x100.jpg",100,100,true]},"uagb_author_info":{"display_name":"decoraprint.com","author_link":"https:\/\/decoraprint.com\/fr\/author\/"},"uagb_comment_info":0,"uagb_excerpt":"Commencez vos matin\u00e9es avec une tasse personnalis\u00e9 \u00e0 l'image de ce chien dr\u00f4le. Que vous soyez un passionn\u00e9 de chiens ou que vous connaissiez quelqu'un qui l'est, cette tasse unique est le cadeau id\u00e9al pour diverses occasions tout au long de l'ann\u00e9e.","jetpack_sharing_enabled":true,"_links":{"self":[{"href":"https:\/\/decoraprint.com\/fr\/wp-json\/wp\/v2\/product\/3167","targetHints":{"allow":["GET"]}}],"collection":[{"href":"https:\/\/decoraprint.com\/fr\/wp-json\/wp\/v2\/product"}],"about":[{"href":"https:\/\/decoraprint.com\/fr\/wp-json\/wp\/v2\/types\/product"}],"replies":[{"embeddable":true,"href":"https:\/\/decoraprint.com\/fr\/wp-json\/wp\/v2\/comments?post=3167"}],"wp:featuredmedia":[{"embeddable":true,"href":"https:\/\/decoraprint.com\/fr\/wp-json\/wp\/v2\/media\/2775"}],"wp:attachment":[{"href":"https:\/\/decoraprint.com\/fr\/wp-json\/wp\/v2\/media?parent=3167"}],"wp:term":[{"taxonomy":"product_brand","embeddable":true,"href":"https:\/\/decoraprint.com\/fr\/wp-json\/wp\/v2\/product_brand?post=3167"},{"taxonomy":"product_cat","embeddable":true,"href":"https:\/\/decoraprint.com\/fr\/wp-json\/wp\/v2\/product_cat?post=3167"},{"taxonomy":"product_tag","embeddable":true,"href":"https:\/\/decoraprint.com\/fr\/wp-json\/wp\/v2\/product_tag?post=3167"}],"curies":[{"name":"wp","href":"https:\/\/api.w.org\/{rel}","templated":true}]}}