{"id":5329,"date":"2018-06-18T06:57:57","date_gmt":"2018-06-18T10:57:57","guid":{"rendered":"https:\/\/decoraprint.com\/a-propos\/"},"modified":"2025-08-11T15:07:44","modified_gmt":"2025-08-11T19:07:44","slug":"a-propos","status":"publish","type":"page","link":"https:\/\/decoraprint.com\/fr\/a-propos\/","title":{"rendered":"\u00c0 propos"},"content":{"rendered":"\t\t<div data-elementor-type=\"wp-post\" data-elementor-id=\"5329\" class=\"elementor elementor-5329 elementor-96\">\n\t\t\t\t\t\t<section class=\"elementor-section elementor-top-section elementor-element elementor-element-7af1913 elementor-section-content-middle elementor-section-boxed elementor-section-height-default elementor-section-height-default\" data-id=\"7af1913\" data-element_type=\"section\" data-e-type=\"section\" data-settings=\"{&quot;background_background&quot;:&quot;gradient&quot;}\">\n\t\t\t\t\t\t\t<div class=\"elementor-background-overlay\"><\/div>\n\t\t\t\t\t\t\t<div class=\"elementor-container elementor-column-gap-default\">\n\t\t\t\t\t<div class=\"elementor-column elementor-col-100 elementor-top-column elementor-element elementor-element-784f689\" data-id=\"784f689\" data-element_type=\"column\" data-e-type=\"column\">\n\t\t\t<div class=\"elementor-widget-wrap elementor-element-populated\">\n\t\t\t\t\t\t<div class=\"elementor-element elementor-element-68d29de elementor-widget elementor-widget-image-box\" data-id=\"68d29de\" data-element_type=\"widget\" data-e-type=\"widget\" data-widget_type=\"image-box.default\">\n\t\t\t\t<div class=\"elementor-widget-container\">\n\t\t\t\t\t<div class=\"elementor-image-box-wrapper\"><div class=\"elementor-image-box-content\"><h1 class=\"elementor-image-box-title\">\u00c0 propos de nous<\/h1><p class=\"elementor-image-box-description\">Chez Decoraprint, nous pensons que les cadeaux les plus significatifs sont ceux qui sont faits pour vous. C'est pourquoi nous nous sp\u00e9cialisons dans les <strong data-start=\"219\" data-end=\"241\">cadeaux personnalis\u00e9s<\/strong> pour toutes les occasions - qu'il s'agisse d'un anniversaire, d'une remise de dipl\u00f4me ou simplement parce que. <\/p><\/div><\/div>\t\t\t\t<\/div>\n\t\t\t\t<\/div>\n\t\t\t\t\t<\/div>\n\t\t<\/div>\n\t\t\t\t\t<\/div>\n\t\t<\/section>\n\t\t\t\t<section class=\"elementor-section elementor-top-section elementor-element elementor-element-dfcc829 elementor-section-content-middle elementor-section-boxed elementor-section-height-default elementor-section-height-default\" data-id=\"dfcc829\" data-element_type=\"section\" data-e-type=\"section\">\n\t\t\t\t\t\t<div class=\"elementor-container elementor-column-gap-default\">\n\t\t\t\t\t<div class=\"elementor-column elementor-col-50 elementor-top-column elementor-element elementor-element-2a6f7727\" data-id=\"2a6f7727\" data-element_type=\"column\" data-e-type=\"column\">\n\t\t\t<div class=\"elementor-widget-wrap elementor-element-populated\">\n\t\t\t\t\t\t<div class=\"elementor-element elementor-element-a00afea elementor-widget elementor-widget-image-box\" data-id=\"a00afea\" data-element_type=\"widget\" data-e-type=\"widget\" data-widget_type=\"image-box.default\">\n\t\t\t\t<div class=\"elementor-widget-container\">\n\t\t\t\t\t<div class=\"elementor-image-box-wrapper\"><div class=\"elementor-image-box-content\"><h2 class=\"elementor-image-box-title\">C\u00e9l\u00e9brez \u00e0 fond . Offrez du c\u0153ur. <\/h2><p class=\"elementor-image-box-description\">Ce qui a commenc\u00e9 comme une simple passion pour la fabrication de cadeaux personnalis\u00e9s pour vos amis et vos proches est devenu notre petit coin de cr\u00e9ativit\u00e9.<br>Des planches \u00e0 d\u00e9couper grav\u00e9es aux tasses personnalis\u00e9es, en passant par les gobelets et les objets d\u00e9coratifs uniques, un cadeau attentionn\u00e9 pour quelqu'un de cher ou quelque chose juste pour vous, nous pensons que chaque cadeau doit \u00eatre aussi unique que l'histoire qu'il c\u00e9l\u00e8bre.  \nNous sommes fiers de faire partie de vos souvenirs les plus chers et nous sommes l\u00e0 pour vous aider \u00e0 cr\u00e9er des cadeaux aussi attentionn\u00e9s et uniques que les personnes qui les re\u00e7oivent. \nIn 2024 we decided to take our passion one step further by offering our products online. Like so many crafters, we started the adventure on a couple of famous marketplaces. Later by the end of 2024, we added this online shop.   \nNous ajoutons constamment de nouveaux articles et de nouvelles fonctionnalit\u00e9s \u00e0 notre boutique en ligne. Revenez nous voir ou contactez-nous si vous avez une id\u00e9e et souhaitez l'explorer.  <\/p><\/div><\/div>\t\t\t\t<\/div>\n\t\t\t\t<\/div>\n\t\t\t\t\t<\/div>\n\t\t<\/div>\n\t\t\t\t<div class=\"elementor-column elementor-col-50 elementor-top-column elementor-element elementor-element-ed878ea\" data-id=\"ed878ea\" data-element_type=\"column\" data-e-type=\"column\">\n\t\t\t<div class=\"elementor-widget-wrap elementor-element-populated\">\n\t\t\t\t\t\t<section class=\"elementor-section elementor-inner-section elementor-element elementor-element-e4bad97 elementor-section-boxed elementor-section-height-default elementor-section-height-default\" data-id=\"e4bad97\" data-element_type=\"section\" data-e-type=\"section\">\n\t\t\t\t\t\t<div class=\"elementor-container elementor-column-gap-default\">\n\t\t\t\t\t<div class=\"elementor-column elementor-col-50 elementor-inner-column elementor-element elementor-element-3e96749\" data-id=\"3e96749\" data-element_type=\"column\" data-e-type=\"column\">\n\t\t\t<div class=\"elementor-widget-wrap elementor-element-populated\">\n\t\t\t\t\t\t<div class=\"elementor-element elementor-element-07043f8 elementor-view-default elementor-position-block-start elementor-mobile-position-block-start elementor-widget elementor-widget-icon-box\" data-id=\"07043f8\" data-element_type=\"widget\" data-e-type=\"widget\" data-widget_type=\"icon-box.default\">\n\t\t\t\t<div class=\"elementor-widget-container\">\n\t\t\t\t\t\t\t<div class=\"elementor-icon-box-wrapper\">\n\n\t\t\t\t\t\t<div class=\"elementor-icon-box-icon\">\n\t\t\t\t<span  class=\"elementor-icon\">\n\t\t\t\t<svg aria-hidden=\"true\" class=\"e-font-icon-svg e-fas-mug-hot\" viewBox=\"0 0 512 512\" xmlns=\"http:\/\/www.w3.org\/2000\/svg\"><path d=\"M127.1 146.5c1.3 7.7 8 13.5 16 13.5h16.5c9.8 0 17.6-8.5 16.3-18-3.8-28.2-16.4-54.2-36.6-74.7-14.4-14.7-23.6-33.3-26.4-53.5C111.8 5.9 105 0 96.8 0H80.4C70.6 0 63 8.5 64.1 18c3.9 31.9 18 61.3 40.6 84.4 12 12.2 19.7 27.5 22.4 44.1zm112 0c1.3 7.7 8 13.5 16 13.5h16.5c9.8 0 17.6-8.5 16.3-18-3.8-28.2-16.4-54.2-36.6-74.7-14.4-14.7-23.6-33.3-26.4-53.5C223.8 5.9 217 0 208.8 0h-16.4c-9.8 0-17.5 8.5-16.3 18 3.9 31.9 18 61.3 40.6 84.4 12 12.2 19.7 27.5 22.4 44.1zM400 192H32c-17.7 0-32 14.3-32 32v192c0 53 43 96 96 96h192c53 0 96-43 96-96h16c61.8 0 112-50.2 112-112s-50.2-112-112-112zm0 160h-16v-96h16c26.5 0 48 21.5 48 48s-21.5 48-48 48z\"><\/path><\/svg>\t\t\t\t<\/span>\n\t\t\t<\/div>\n\t\t\t\n\t\t\t\t\t\t<div class=\"elementor-icon-box-content\">\n\n\t\t\t\t\t\t\t\t\t<h4 class=\"elementor-icon-box-title\">\n\t\t\t\t\t\t<span  >\n\t\t\t\t\t\t\tTasses\t\t\t\t\t\t<\/span>\n\t\t\t\t\t<\/h4>\n\t\t\t\t\n\t\t\t\t\t\t\t\t\t<p class=\"elementor-icon-box-description\">\n\t\t\t\t\t\tTasses personnalis\u00e9es pour tout occasion.\t\t\t\t\t<\/p>\n\t\t\t\t\n\t\t\t<\/div>\n\t\t\t\n\t\t<\/div>\n\t\t\t\t\t\t<\/div>\n\t\t\t\t<\/div>\n\t\t\t\t<div class=\"elementor-element elementor-element-6a652ea elementor-view-default elementor-position-block-start elementor-mobile-position-block-start elementor-widget elementor-widget-icon-box\" data-id=\"6a652ea\" data-element_type=\"widget\" data-e-type=\"widget\" data-widget_type=\"icon-box.default\">\n\t\t\t\t<div class=\"elementor-widget-container\">\n\t\t\t\t\t\t\t<div class=\"elementor-icon-box-wrapper\">\n\n\t\t\t\t\t\t<div class=\"elementor-icon-box-icon\">\n\t\t\t\t<span  class=\"elementor-icon\">\n\t\t\t\t<svg aria-hidden=\"true\" class=\"e-font-icon-svg e-fas-church\" viewBox=\"0 0 640 512\" xmlns=\"http:\/\/www.w3.org\/2000\/svg\"><path d=\"M464.46 246.68L352 179.2V128h48c8.84 0 16-7.16 16-16V80c0-8.84-7.16-16-16-16h-48V16c0-8.84-7.16-16-16-16h-32c-8.84 0-16 7.16-16 16v48h-48c-8.84 0-16 7.16-16 16v32c0 8.84 7.16 16 16 16h48v51.2l-112.46 67.48A31.997 31.997 0 0 0 160 274.12V512h96v-96c0-35.35 28.65-64 64-64s64 28.65 64 64v96h96V274.12c0-11.24-5.9-21.66-15.54-27.44zM0 395.96V496c0 8.84 7.16 16 16 16h112V320L19.39 366.54A32.024 32.024 0 0 0 0 395.96zm620.61-29.42L512 320v192h112c8.84 0 16-7.16 16-16V395.96c0-12.8-7.63-24.37-19.39-29.42z\"><\/path><\/svg>\t\t\t\t<\/span>\n\t\t\t<\/div>\n\t\t\t\n\t\t\t\t\t\t<div class=\"elementor-icon-box-content\">\n\n\t\t\t\t\t\t\t\t\t<h4 class=\"elementor-icon-box-title\">\n\t\t\t\t\t\t<span  >\n\t\t\t\t\t\t\tConfession\t\t\t\t\t\t<\/span>\n\t\t\t\t\t<\/h4>\n\t\t\t\t\n\t\t\t\t\t\t\t\t\t<p class=\"elementor-icon-box-description\">\n\t\t\t\t\t\tCollection de produits confessionnels\t\t\t\t\t<\/p>\n\t\t\t\t\n\t\t\t<\/div>\n\t\t\t\n\t\t<\/div>\n\t\t\t\t\t\t<\/div>\n\t\t\t\t<\/div>\n\t\t\t\t\t<\/div>\n\t\t<\/div>\n\t\t\t\t<div class=\"elementor-column elementor-col-50 elementor-inner-column elementor-element elementor-element-f6c93b3\" data-id=\"f6c93b3\" data-element_type=\"column\" data-e-type=\"column\">\n\t\t\t<div class=\"elementor-widget-wrap elementor-element-populated\">\n\t\t\t\t\t\t<div class=\"elementor-element elementor-element-55ce279 elementor-view-default elementor-position-block-start elementor-mobile-position-block-start elementor-widget elementor-widget-icon-box\" data-id=\"55ce279\" data-element_type=\"widget\" data-e-type=\"widget\" data-widget_type=\"icon-box.default\">\n\t\t\t\t<div class=\"elementor-widget-container\">\n\t\t\t\t\t\t\t<div class=\"elementor-icon-box-wrapper\">\n\n\t\t\t\t\t\t<div class=\"elementor-icon-box-icon\">\n\t\t\t\t<span  class=\"elementor-icon\">\n\t\t\t\t<svg aria-hidden=\"true\" class=\"e-font-icon-svg e-fab-gulp\" viewBox=\"0 0 256 512\" xmlns=\"http:\/\/www.w3.org\/2000\/svg\"><path d=\"M209.8 391.1l-14.1 24.6-4.6 80.2c0 8.9-28.3 16.1-63.1 16.1s-63.1-7.2-63.1-16.1l-5.8-79.4-14.9-25.4c41.2 17.3 126 16.7 165.6 0zm-196-253.3l13.6 125.5c5.9-20 20.8-47 40-55.2 6.3-2.7 12.7-2.7 18.7.9 5.2 3 9.6 9.3 10.1 11.8 1.2 6.5-2 9.1-4.5 9.1-3 0-5.3-4.6-6.8-7.3-4.1-7.3-10.3-7.6-16.9-2.8-6.9 5-12.9 13.4-17.1 20.7-5.1 8.8-9.4 18.5-12 28.2-1.5 5.6-2.9 14.6-.6 19.9 1 2.2 2.5 3.6 4.9 3.6 5 0 12.3-6.6 15.8-10.1 4.5-4.5 10.3-11.5 12.5-16l5.2-15.5c2.6-6.8 9.9-5.6 9.9 0 0 10.2-3.7 13.6-10 34.7-5.8 19.5-7.6 25.8-7.6 25.8-.7 2.8-3.4 7.5-6.3 7.5-1.2 0-2.1-.4-2.6-1.2-1-1.4-.9-5.3-.8-6.3.2-3.2 6.3-22.2 7.3-25.2-2 2.2-4.1 4.4-6.4 6.6-5.4 5.1-14.1 11.8-21.5 11.8-3.4 0-5.6-.9-7.7-2.4l7.6 79.6c2 5 39.2 17.1 88.2 17.1 49.1 0 86.3-12.2 88.2-17.1l10.9-94.6c-5.7 5.2-12.3 11.6-19.6 14.8-5.4 2.3-17.4 3.8-17.4-5.7 0-5.2 9.1-14.8 14.4-21.5 1.4-1.7 4.7-5.9 4.7-8.1 0-2.9-6-2.2-11.7 2.5-3.2 2.7-6.2 6.3-8.7 9.7-4.3 6-6.6 11.2-8.5 15.5-6.2 14.2-4.1 8.6-9.1 22-5 13.3-4.2 11.8-5.2 14-.9 1.9-2.2 3.5-4 4.5-1.9 1-4.5.9-6.1-.3-.9-.6-1.3-1.9-1.3-3.7 0-.9.1-1.8.3-2.7 1.5-6.1 7.8-18.1 15-34.3 1.6-3.7 1-2.6.8-2.3-6.2 6-10.9 8.9-14.4 10.5-5.8 2.6-13 2.6-14.5-4.1-.1-.4-.1-.8-.2-1.2-11.8 9.2-24.3 11.7-20-8.1-4.6 8.2-12.6 14.9-22.4 14.9-4.1 0-7.1-1.4-8.6-5.1-2.3-5.5 1.3-14.9 4.6-23.8 1.7-4.5 4-9.9 7.1-16.2 1.6-3.4 4.2-5.4 7.6-4.5.6.2 1.1.4 1.6.7 2.6 1.8 1.6 4.5.3 7.2-3.8 7.5-7.1 13-9.3 20.8-.9 3.3-2 9 1.5 9 2.4 0 4.7-.8 6.9-2.4 4.6-3.4 8.3-8.5 11.1-13.5 2-3.6 4.4-8.3 5.6-12.3.5-1.7 1.1-3.3 1.8-4.8 1.1-2.5 2.6-5.1 5.2-5.1 1.3 0 2.4.5 3.2 1.5 1.7 2.2 1.3 4.5.4 6.9-2 5.6-4.7 10.6-6.9 16.7-1.3 3.5-2.7 8-2.7 11.7 0 3.4 3.7 2.6 6.8 1.2 2.4-1.1 4.8-2.8 6.8-4.5 1.2-4.9.9-3.8 26.4-68.2 1.3-3.3 3.7-4.7 6.1-4.7 1.2 0 2.2.4 3.2 1.1 1.7 1.3 1.7 4.1 1 6.2-.7 1.9-.6 1.3-4.5 10.5-5.2 12.1-8.6 20.8-13.2 31.9-1.9 4.6-7.7 18.9-8.7 22.3-.6 2.2-1.3 5.8 1 5.8 5.4 0 19.3-13.1 23.1-17 .2-.3.5-.4.9-.6.6-1.9 1.2-3.7 1.7-5.5 1.4-3.8 2.7-8.2 5.3-11.3.8-1 1.7-1.6 2.7-1.6 2.8 0 4.2 1.2 4.2 4 0 1.1-.7 5.1-1.1 6.2 1.4-1.5 2.9-3 4.5-4.5 15-13.9 25.7-6.8 25.7.2 0 7.4-8.9 17.7-13.8 23.4-1.6 1.9-4.9 5.4-5 6.4 0 1.3.9 1.8 2.2 1.8 2 0 6.4-3.5 8-4.7 5-3.9 11.8-9.9 16.6-14.1l14.8-136.8c-30.5 17.1-197.6 17.2-228.3.2zm229.7-8.5c0 21-231.2 21-231.2 0 0-8.8 51.8-15.9 115.6-15.9 9 0 17.8.1 26.3.4l12.6-48.7L228.1.6c1.4-1.4 5.8-.2 9.9 3.5s6.6 7.9 5.3 9.3l-.1.1L185.9 74l-10 40.7c39.9 2.6 67.6 8.1 67.6 14.6zm-69.4 4.6c0-.8-.9-1.5-2.5-2.1l-.2.8c0 1.3-5 2.4-11.1 2.4s-11.1-1.1-11.1-2.4c0-.1 0-.2.1-.3l.2-.7c-1.8.6-3 1.4-3 2.3 0 2.1 6.2 3.7 13.7 3.7 7.7.1 13.9-1.6 13.9-3.7z\"><\/path><\/svg>\t\t\t\t<\/span>\n\t\t\t<\/div>\n\t\t\t\n\t\t\t\t\t\t<div class=\"elementor-icon-box-content\">\n\n\t\t\t\t\t\t\t\t\t<h4 class=\"elementor-icon-box-title\">\n\t\t\t\t\t\t<span  >\n\t\t\t\t\t\t\tGobelets\t\t\t\t\t\t<\/span>\n\t\t\t\t\t<\/h4>\n\t\t\t\t\n\t\t\t\t\t\t\t\t\t<p class=\"elementor-icon-box-description\">\n\t\t\t\t\t\tDes gobelets et bouteilles que vous aimerez les amen\u00e9s par tout.\t\t\t\t\t<\/p>\n\t\t\t\t\n\t\t\t<\/div>\n\t\t\t\n\t\t<\/div>\n\t\t\t\t\t\t<\/div>\n\t\t\t\t<\/div>\n\t\t\t\t<div class=\"elementor-element elementor-element-4008a5c elementor-widget__width-initial elementor-view-default elementor-position-block-start elementor-mobile-position-block-start elementor-widget elementor-widget-icon-box\" data-id=\"4008a5c\" data-element_type=\"widget\" data-e-type=\"widget\" data-widget_type=\"icon-box.default\">\n\t\t\t\t<div class=\"elementor-widget-container\">\n\t\t\t\t\t\t\t<div class=\"elementor-icon-box-wrapper\">\n\n\t\t\t\t\t\t<div class=\"elementor-icon-box-icon\">\n\t\t\t\t<span  class=\"elementor-icon\">\n\t\t\t\t<svg aria-hidden=\"true\" class=\"e-font-icon-svg e-fas-couch\" viewBox=\"0 0 640 512\" xmlns=\"http:\/\/www.w3.org\/2000\/svg\"><path d=\"M160 224v64h320v-64c0-35.3 28.7-64 64-64h32c0-53-43-96-96-96H160c-53 0-96 43-96 96h32c35.3 0 64 28.7 64 64zm416-32h-32c-17.7 0-32 14.3-32 32v96H128v-96c0-17.7-14.3-32-32-32H64c-35.3 0-64 28.7-64 64 0 23.6 13 44 32 55.1V432c0 8.8 7.2 16 16 16h64c8.8 0 16-7.2 16-16v-16h384v16c0 8.8 7.2 16 16 16h64c8.8 0 16-7.2 16-16V311.1c19-11.1 32-31.5 32-55.1 0-35.3-28.7-64-64-64z\"><\/path><\/svg>\t\t\t\t<\/span>\n\t\t\t<\/div>\n\t\t\t\n\t\t\t\t\t\t<div class=\"elementor-icon-box-content\">\n\n\t\t\t\t\t\t\t\t\t<h4 class=\"elementor-icon-box-title\">\n\t\t\t\t\t\t<span  >\n\t\t\t\t\t\t\tD\u00e9coration pour la maison\t\t\t\t\t\t<\/span>\n\t\t\t\t\t<\/h4>\n\t\t\t\t\n\t\t\t\t\t\t\t\t\t<p class=\"elementor-icon-box-description\">\n\t\t\t\t\t\tD\u00e9coration pour la maison qui fera votre petit chez-vous. \t\t\t\t\t<\/p>\n\t\t\t\t\n\t\t\t<\/div>\n\t\t\t\n\t\t<\/div>\n\t\t\t\t\t\t<\/div>\n\t\t\t\t<\/div>\n\t\t\t\t\t<\/div>\n\t\t<\/div>\n\t\t\t\t\t<\/div>\n\t\t<\/section>\n\t\t\t\t\t<\/div>\n\t\t<\/div>\n\t\t\t\t\t<\/div>\n\t\t<\/section>\n\t\t\t\t<section class=\"elementor-section elementor-top-section elementor-element elementor-element-1bac198 elementor-section-content-middle elementor-section-boxed elementor-section-height-default elementor-section-height-default\" data-id=\"1bac198\" data-element_type=\"section\" data-e-type=\"section\" data-settings=\"{&quot;background_background&quot;:&quot;classic&quot;}\">\n\t\t\t\t\t\t<div class=\"elementor-container elementor-column-gap-default\">\n\t\t\t\t\t<div class=\"elementor-column elementor-col-50 elementor-top-column elementor-element elementor-element-ccbc1ea\" data-id=\"ccbc1ea\" data-element_type=\"column\" data-e-type=\"column\">\n\t\t\t<div class=\"elementor-widget-wrap elementor-element-populated\">\n\t\t\t\t\t\t<div class=\"elementor-element elementor-element-daa93fc elementor-widget elementor-widget-heading\" data-id=\"daa93fc\" data-element_type=\"widget\" data-e-type=\"widget\" data-widget_type=\"heading.default\">\n\t\t\t\t<div class=\"elementor-widget-container\">\n\t\t\t\t\t<h2 class=\"elementor-heading-title elementor-size-default\"><a href=\"https:\/\/decoraprint.com\/shop\/\">Les meilleurs offres sur les designs personnalis\u00e9s.<\/a><\/h2>\t\t\t\t<\/div>\n\t\t\t\t<\/div>\n\t\t\t\t\t<\/div>\n\t\t<\/div>\n\t\t\t\t<div class=\"elementor-column elementor-col-50 elementor-top-column elementor-element elementor-element-8b47432\" data-id=\"8b47432\" data-element_type=\"column\" data-e-type=\"column\">\n\t\t\t<div class=\"elementor-widget-wrap elementor-element-populated\">\n\t\t\t\t\t\t<div class=\"elementor-element elementor-element-66ef535 elementor-align-center elementor-widget elementor-widget-button\" data-id=\"66ef535\" data-element_type=\"widget\" data-e-type=\"widget\" data-widget_type=\"button.default\">\n\t\t\t\t<div class=\"elementor-widget-container\">\n\t\t\t\t\t\t\t\t\t<div class=\"elementor-button-wrapper\">\n\t\t\t\t\t<a class=\"elementor-button elementor-button-link elementor-size-md\" href=\"https:\/\/decoraprint.com\/shop\/\">\n\t\t\t\t\t\t<span class=\"elementor-button-content-wrapper\">\n\t\t\t\t\t\t<span class=\"elementor-button-icon\">\n\t\t\t\t<svg aria-hidden=\"true\" class=\"e-font-icon-svg e-fas-angle-right\" viewBox=\"0 0 256 512\" xmlns=\"http:\/\/www.w3.org\/2000\/svg\"><path d=\"M224.3 273l-136 136c-9.4 9.4-24.6 9.4-33.9 0l-22.6-22.6c-9.4-9.4-9.4-24.6 0-33.9l96.4-96.4-96.4-96.4c-9.4-9.4-9.4-24.6 0-33.9L54.3 103c9.4-9.4 24.6-9.4 33.9 0l136 136c9.5 9.4 9.5 24.6.1 34z\"><\/path><\/svg>\t\t\t<\/span>\n\t\t\t\t\t\t\t\t\t<span class=\"elementor-button-text\">Commencez<\/span>\n\t\t\t\t\t<\/span>\n\t\t\t\t\t<\/a>\n\t\t\t\t<\/div>\n\t\t\t\t\t\t\t\t<\/div>\n\t\t\t\t<\/div>\n\t\t\t\t\t<\/div>\n\t\t<\/div>\n\t\t\t\t\t<\/div>\n\t\t<\/section>\n\t\t\t\t<\/div>\n\t\t","protected":false},"excerpt":{"rendered":"<p>\u00c0 propos de nous Chez Decoraprint, nous pensons que les cadeaux les plus significatifs sont ceux qui sont faits pour vous. C&rsquo;est pourquoi nous nous sp\u00e9cialisons dans les cadeaux personnalis\u00e9s pour toutes les occasions &#8211; qu&rsquo;il s&rsquo;agisse d&rsquo;un anniversaire, d&rsquo;une remise de dipl\u00f4me ou simplement parce que. C\u00e9l\u00e9brez \u00e0 fond . Offrez du c\u0153ur. Ce [&hellip;]<\/p>\n","protected":false},"author":1,"featured_media":0,"parent":0,"menu_order":0,"comment_status":"closed","ping_status":"closed","template":"","meta":{"_uag_custom_page_level_css":"","site-sidebar-layout":"no-sidebar","site-content-layout":"page-builder","ast-site-content-layout":"full-width-container","site-content-style":"unboxed","site-sidebar-style":"unboxed","ast-global-header-display":"","ast-banner-title-visibility":"","ast-main-header-display":"","ast-hfb-above-header-display":"","ast-hfb-below-header-display":"","ast-hfb-mobile-header-display":"","site-post-title":"","ast-breadcrumbs-content":"","ast-featured-img":"disabled","footer-sml-layout":"","ast-disable-related-posts":"","theme-transparent-header-meta":"enabled","adv-header-id-meta":"","stick-header-meta":"","header-above-stick-meta":"","header-main-stick-meta":"","header-below-stick-meta":"","astra-migrate-meta-layouts":"default","ast-page-background-enabled":"default","ast-page-background-meta":{"desktop":{"background-color":"","background-image":"","background-repeat":"repeat","background-position":"center center","background-size":"auto","background-attachment":"scroll","background-type":"","background-media":"","overlay-type":"","overlay-color":"","overlay-opacity":"","overlay-gradient":""},"tablet":{"background-color":"","background-image":"","background-repeat":"repeat","background-position":"center center","background-size":"auto","background-attachment":"scroll","background-type":"","background-media":"","overlay-type":"","overlay-color":"","overlay-opacity":"","overlay-gradient":""},"mobile":{"background-color":"","background-image":"","background-repeat":"repeat","background-position":"center center","background-size":"auto","background-attachment":"scroll","background-type":"","background-media":"","overlay-type":"","overlay-color":"","overlay-opacity":"","overlay-gradient":""}},"ast-content-background-meta":{"desktop":{"background-color":"var(--ast-global-color-5)","background-image":"","background-repeat":"repeat","background-position":"center center","background-size":"auto","background-attachment":"scroll","background-type":"","background-media":"","overlay-type":"","overlay-color":"","overlay-opacity":"","overlay-gradient":""},"tablet":{"background-color":"var(--ast-global-color-5)","background-image":"","background-repeat":"repeat","background-position":"center center","background-size":"auto","background-attachment":"scroll","background-type":"","background-media":"","overlay-type":"","overlay-color":"","overlay-opacity":"","overlay-gradient":""},"mobile":{"background-color":"var(--ast-global-color-5)","background-image":"","background-repeat":"repeat","background-position":"center center","background-size":"auto","background-attachment":"scroll","background-type":"","background-media":"","overlay-type":"","overlay-color":"","overlay-opacity":"","overlay-gradient":""}},"footnotes":""},"class_list":["post-5329","page","type-page","status-publish","hentry"],"uagb_featured_image_src":{"full":false,"thumbnail":false,"medium":false,"medium_large":false,"large":false,"1536x1536":false,"2048x2048":false,"woocommerce_thumbnail":false,"woocommerce_single":false,"woocommerce_gallery_thumbnail":false},"uagb_author_info":{"display_name":"decoraprint.com","author_link":"https:\/\/decoraprint.com\/fr\/author\/craftydude-ca\/"},"uagb_comment_info":0,"uagb_excerpt":"\u00c0 propos de nous Chez Decoraprint, nous pensons que les cadeaux les plus significatifs sont ceux qui sont faits pour vous. C&rsquo;est pourquoi nous nous sp\u00e9cialisons dans les cadeaux personnalis\u00e9s pour toutes les occasions &#8211; qu&rsquo;il s&rsquo;agisse d&rsquo;un anniversaire, d&rsquo;une remise de dipl\u00f4me ou simplement parce que. C\u00e9l\u00e9brez \u00e0 fond . Offrez du c\u0153ur. Ce\u2026","jetpack_sharing_enabled":true,"_links":{"self":[{"href":"https:\/\/decoraprint.com\/fr\/wp-json\/wp\/v2\/pages\/5329","targetHints":{"allow":["GET"]}}],"collection":[{"href":"https:\/\/decoraprint.com\/fr\/wp-json\/wp\/v2\/pages"}],"about":[{"href":"https:\/\/decoraprint.com\/fr\/wp-json\/wp\/v2\/types\/page"}],"author":[{"embeddable":true,"href":"https:\/\/decoraprint.com\/fr\/wp-json\/wp\/v2\/users\/1"}],"replies":[{"embeddable":true,"href":"https:\/\/decoraprint.com\/fr\/wp-json\/wp\/v2\/comments?post=5329"}],"version-history":[{"count":3,"href":"https:\/\/decoraprint.com\/fr\/wp-json\/wp\/v2\/pages\/5329\/revisions"}],"predecessor-version":[{"id":5636,"href":"https:\/\/decoraprint.com\/fr\/wp-json\/wp\/v2\/pages\/5329\/revisions\/5636"}],"wp:attachment":[{"href":"https:\/\/decoraprint.com\/fr\/wp-json\/wp\/v2\/media?parent=5329"}],"curies":[{"name":"wp","href":"https:\/\/api.w.org\/{rel}","templated":true}]}}