{"id":5262,"date":"2025-05-21T00:17:32","date_gmt":"2025-05-20T23:17:32","guid":{"rendered":"https:\/\/decoraprint.com\/conditions-generales-dutilisation\/"},"modified":"2025-05-21T00:29:46","modified_gmt":"2025-05-20T23:29:46","slug":"conditions-generales-dutilisation","status":"publish","type":"page","link":"https:\/\/decoraprint.com\/fr\/conditions-generales-dutilisation\/","title":{"rendered":"Conditions g\u00e9n\u00e9rales d&rsquo;utilisation"},"content":{"rendered":"\n<p>En proc\u00e9dant au paiement de votre commande, vous reconnaissez et acceptez express\u00e9ment les conditions g\u00e9n\u00e9rales d\u00e9crites ci-dessous :<\/p>\n\n<div class=\"wp-block-uagb-advanced-heading uagb-block-4363ab51\"><h2 class=\"uagb-heading-text\"><strong>Correspondance des couleurs<\/strong><\/h2><\/div>\n\n<p>Veuillez noter que les diff\u00e9rentes m\u00e9thodes d&rsquo;impression ne permettent pas de reproduire pr\u00e9cis\u00e9ment toutes les couleurs et qu&rsquo;il peut y avoir des variations de teintes. En outre, les couleurs affich\u00e9es sur votre \u00e9cran d&rsquo;ordinateur peuvent diff\u00e9rer l\u00e9g\u00e8rement de l&rsquo;impression r\u00e9elle que vous recevrez. Des variations mineures dans les couleurs peuvent \u00e9galement \u00eatre observ\u00e9es dans les commandes r\u00e9p\u00e9t\u00e9es.  <\/p>\n\n<div class=\"wp-block-uagb-advanced-heading uagb-block-7a861602\"><h2 class=\"uagb-heading-text\"><strong>Modifications de l&rsquo;ordre<\/strong><\/h2><\/div>\n\n<p>Veuillez noter que nous n&rsquo;acceptons pas de modifications des commandes une fois qu&rsquo;elles ont \u00e9t\u00e9 pass\u00e9es. Cela inclut les changements de quantit\u00e9s ou de m\u00e9thodes d&rsquo;exp\u00e9dition. Pour garantir un traitement efficace et une livraison dans les d\u00e9lais, nous vous demandons de bien vouloir finaliser tous les d\u00e9tails de votre commande au moment o\u00f9 vous la passez. En cas d&rsquo;erreur dans votre personnalisation, nous vous demandons de nous envoyer un courriel avec le num\u00e9ro de commande et la modification. Si votre commande n&rsquo;est pas encore en cours de production, nous la corrigerons et proc\u00e9derons \u00e0 la production sans renvoyer d&rsquo;\u00e9preuves. Veuillez noter que cela peut entra\u00eener des retards dans l&rsquo;exp\u00e9dition.       <\/p>\n\n<div class=\"wp-block-uagb-advanced-heading uagb-block-b97b593e\"><h2 class=\"uagb-heading-text\"><strong>D\u00e9lai d&rsquo;ex\u00e9cution<\/strong><\/h2><\/div>\n\n<p>La production d&rsquo;une commande est estim\u00e9e entre 3 et 5 jours ouvrables. Elle est bas\u00e9e sur notre volume de production actuel et peut \u00eatre modifi\u00e9e en fonction des fluctuations de la charge de travail. Veuillez noter que ces estimations servent uniquement de r\u00e9f\u00e9rence et ne garantissent pas de dates d&rsquo;exp\u00e9dition sp\u00e9cifiques. Il est important de reconna\u00eetre que des circonstances impr\u00e9vues telles que des pannes d&rsquo;\u00e9lectricit\u00e9 ou des probl\u00e8mes techniques peuvent potentiellement entra\u00eener des retards dans la production.  <\/p>\n\n<div class=\"wp-block-uagb-advanced-heading uagb-block-2ba6a58a\"><h2 class=\"uagb-heading-text\"><strong>Exp\u00e9dition<\/strong><\/h2><\/div>\n\n<p>Les services d&rsquo;exp\u00e9dition sont facilit\u00e9s par Purolator, Postes Canada et UPS. Decoraprint ne livre pas directement les commandes aux clients. Veuillez noter que nous ne pouvons pas garantir l&rsquo;exactitude des estimations d&rsquo;exp\u00e9dition fournies par les transporteurs. Il est essentiel de comprendre que les dates d&rsquo;exp\u00e9dition et les dates de production sont distinctes. Le d\u00e9lai de production correspond \u00e0 la dur\u00e9e n\u00e9cessaire \u00e0 la fabrication et \u00e0 l&rsquo;exp\u00e9dition de votre commande personnalis\u00e9e. Une fois la production achev\u00e9e, la p\u00e9riode suivante est appel\u00e9e d\u00e9lai d&rsquo;exp\u00e9dition ou d\u00e9lai de transit, tel qu&rsquo;il est g\u00e9r\u00e9 par le transporteur.     <\/p>\n\n<div class=\"wp-block-uagb-advanced-heading uagb-block-663ec535\"><h2 class=\"uagb-heading-text\"><strong>Retours, remplacements ou remboursements<\/strong><\/h2><\/div>\n\n<ul class=\"wp-block-list\">\n<li>Les demandes de remplacement doivent \u00eatre introduites au plus tard dans les 7 jours suivant la r\u00e9ception de votre commande.<\/li>\n\n\n\n<li>Veuillez noter que toutes les commandes imprim\u00e9es sur mesure ne peuvent faire l&rsquo;objet d&rsquo;un remboursement ; les remplacements sont le seul recours possible.<\/li>\n\n\n\n<li>Chaque article est fabriqu\u00e9 \u00e0 la main avec soin et personnalis\u00e9 selon vos sp\u00e9cifications. Tous nos produits sont fabriqu\u00e9s sur commande, c&rsquo;est pourquoi <strong>toutes les ventes sont finales et non remboursables<\/strong>. Les commandes personnalis\u00e9es peuvent \u00eatre remplac\u00e9es en cas de probl\u00e8me de qualit\u00e9 ou de faute de frappe de notre part.  <\/li>\n<\/ul>\n\n<div class=\"wp-block-uagb-advanced-heading uagb-block-b413a5f0\"><h2 class=\"uagb-heading-text\"><strong>Articles endommag\u00e9s<\/strong><\/h2><\/div>\n\n<p>Si votre article arrive endommag\u00e9 pendant le transport, veuillez nous contacter dans les <strong>7 jours<\/strong> avec une photo claire du produit endommag\u00e9 et de l&#8217;emballage. Nous \u00e9valuerons le probl\u00e8me et pourrons vous proposer un remplacement au cas par cas. <\/p>\n\n<h3 class=\"wp-block-heading\">Articles endommag\u00e9s<\/h3>\n\n<p>Si votre article arrive endommag\u00e9 pendant le transport, veuillez nous contacter dans les <strong>7 jours<\/strong> avec une photo claire du produit endommag\u00e9 et de l&#8217;emballage. Nous \u00e9valuerons le probl\u00e8me et pourrons vous proposer un remplacement au cas par cas. <\/p>\n\n<div class=\"wp-block-uagb-advanced-heading uagb-block-bc793654\"><h2 class=\"uagb-heading-text\"><strong>Tarification<\/strong><\/h2><\/div>\n\n<p>Tous les prix sont susceptibles d&rsquo;\u00eatre modifi\u00e9s sans pr\u00e9avis. La soci\u00e9t\u00e9 n&rsquo;assume aucune responsabilit\u00e9 et ne peut \u00eatre tenue pour responsable si les avis de changement de prix ne sont pas re\u00e7us. En cas de nouvelles taxes ou l\u00e9gislations affectant le co\u00fbt des produits, la soci\u00e9t\u00e9 se r\u00e9serve le droit d&rsquo;augmenter les prix si elle le juge appropri\u00e9 ou n\u00e9cessaire. Les prix d&rsquo;exp\u00e9dition peuvent \u00eatre augment\u00e9s en cours d&rsquo;ann\u00e9e.     <\/p>\n\n<div class=\"wp-block-uagb-advanced-heading uagb-block-e2b056f2\"><h2 class=\"uagb-heading-text\"><strong>Propri\u00e9t\u00e9 intellectuelle<\/strong><\/h2><\/div>\n\n<p>Tout le contenu de notre site, y compris le texte, les images, les logos et les dessins, est la propri\u00e9t\u00e9 intellectuelle de Decoraprint ou de nos conc\u00e9dants de licence et est prot\u00e9g\u00e9 par le droit d&rsquo;auteur. Vous ne pouvez pas utiliser, reproduire ou distribuer notre contenu sans autorisation \u00e9crite pr\u00e9alable.   <\/p>\n\n<div class=\"wp-block-uagb-advanced-heading uagb-block-22f2e5cb\"><h2 class=\"uagb-heading-text\"><strong>Limitation de la responsabilit\u00e9  <\/strong> <\/h2><\/div>\n\n<p>Decoraprint n&rsquo;est pas responsable des dommages directs, indirects, accidentels, cons\u00e9cutifs ou punitifs r\u00e9sultant de ou li\u00e9s \u00e0 l&rsquo;utilisation de notre site web ou de tout produit achet\u00e9 chez nous.<\/p>\n\n<div class=\"wp-block-uagb-advanced-heading uagb-block-10cf105b\"><h2 class=\"uagb-heading-text\"><strong>Droit applicable<\/strong><\/h2><\/div>\n\n<p>Les pr\u00e9sentes conditions g\u00e9n\u00e9rales sont r\u00e9gies et interpr\u00e9t\u00e9es par les lois de la province de Qu\u00e9bec. Tout litige d\u00e9coulant des pr\u00e9sentes conditions g\u00e9n\u00e9rales sera soumis \u00e0 la comp\u00e9tence exclusive des tribunaux du Qu\u00e9bec.   <\/p>\n\n<div class=\"wp-block-uagb-advanced-heading uagb-block-266ad2a2\"><h2 class=\"uagb-heading-text\"><strong>Modifications des conditions g\u00e9n\u00e9rales<\/strong><\/h2><\/div>\n\n<p>Nous nous r\u00e9servons le droit de mettre \u00e0 jour ou de modifier les pr\u00e9sentes conditions g\u00e9n\u00e9rales \u00e0 tout moment et sans pr\u00e9avis. Toute modification entrera en vigueur d\u00e8s sa publication sur notre site web. Il est de votre responsabilit\u00e9 de consulter r\u00e9guli\u00e8rement les pr\u00e9sentes conditions g\u00e9n\u00e9rales pour prendre connaissance des mises \u00e0 jour.    <\/p>\n\n<p><\/p>\n\n<p><\/p>\n","protected":false},"excerpt":{"rendered":"<p>En proc\u00e9dant au paiement de votre commande, vous reconnaissez et acceptez express\u00e9ment les conditions g\u00e9n\u00e9rales d\u00e9crites ci-dessous : Correspondance des couleurs Veuillez noter que les diff\u00e9rentes m\u00e9thodes d&rsquo;impression ne permettent pas de reproduire pr\u00e9cis\u00e9ment toutes les couleurs et qu&rsquo;il peut y avoir des variations de teintes. En outre, les couleurs affich\u00e9es sur votre \u00e9cran d&rsquo;ordinateur [&hellip;]<\/p>\n","protected":false},"author":1,"featured_media":0,"parent":0,"menu_order":0,"comment_status":"closed","ping_status":"closed","template":"","meta":{"_uag_custom_page_level_css":"","site-sidebar-layout":"default","site-content-layout":"","ast-site-content-layout":"default","site-content-style":"default","site-sidebar-style":"default","ast-global-header-display":"","ast-banner-title-visibility":"","ast-main-header-display":"","ast-hfb-above-header-display":"","ast-hfb-below-header-display":"","ast-hfb-mobile-header-display":"","site-post-title":"","ast-breadcrumbs-content":"","ast-featured-img":"","footer-sml-layout":"","ast-disable-related-posts":"","theme-transparent-header-meta":"","adv-header-id-meta":"","stick-header-meta":"","header-above-stick-meta":"","header-main-stick-meta":"","header-below-stick-meta":"","astra-migrate-meta-layouts":"default","ast-page-background-enabled":"default","ast-page-background-meta":{"desktop":{"background-color":"","background-image":"","background-repeat":"repeat","background-position":"center center","background-size":"auto","background-attachment":"scroll","background-type":"","background-media":"","overlay-type":"","overlay-color":"","overlay-opacity":"","overlay-gradient":""},"tablet":{"background-color":"","background-image":"","background-repeat":"repeat","background-position":"center center","background-size":"auto","background-attachment":"scroll","background-type":"","background-media":"","overlay-type":"","overlay-color":"","overlay-opacity":"","overlay-gradient":""},"mobile":{"background-color":"","background-image":"","background-repeat":"repeat","background-position":"center center","background-size":"auto","background-attachment":"scroll","background-type":"","background-media":"","overlay-type":"","overlay-color":"","overlay-opacity":"","overlay-gradient":""}},"ast-content-background-meta":{"desktop":{"background-color":"var(--ast-global-color-5)","background-image":"","background-repeat":"repeat","background-position":"center center","background-size":"auto","background-attachment":"scroll","background-type":"","background-media":"","overlay-type":"","overlay-color":"","overlay-opacity":"","overlay-gradient":""},"tablet":{"background-color":"var(--ast-global-color-5)","background-image":"","background-repeat":"repeat","background-position":"center center","background-size":"auto","background-attachment":"scroll","background-type":"","background-media":"","overlay-type":"","overlay-color":"","overlay-opacity":"","overlay-gradient":""},"mobile":{"background-color":"var(--ast-global-color-5)","background-image":"","background-repeat":"repeat","background-position":"center center","background-size":"auto","background-attachment":"scroll","background-type":"","background-media":"","overlay-type":"","overlay-color":"","overlay-opacity":"","overlay-gradient":""}},"footnotes":""},"class_list":["post-5262","page","type-page","status-publish","hentry"],"uagb_featured_image_src":{"full":false,"thumbnail":false,"medium":false,"medium_large":false,"large":false,"1536x1536":false,"2048x2048":false,"woocommerce_thumbnail":false,"woocommerce_single":false,"woocommerce_gallery_thumbnail":false},"uagb_author_info":{"display_name":"decoraprint.com","author_link":"https:\/\/decoraprint.com\/fr\/author\/craftydude-ca\/"},"uagb_comment_info":0,"uagb_excerpt":"En proc\u00e9dant au paiement de votre commande, vous reconnaissez et acceptez express\u00e9ment les conditions g\u00e9n\u00e9rales d\u00e9crites ci-dessous : Correspondance des couleurs Veuillez noter que les diff\u00e9rentes m\u00e9thodes d&rsquo;impression ne permettent pas de reproduire pr\u00e9cis\u00e9ment toutes les couleurs et qu&rsquo;il peut y avoir des variations de teintes. En outre, les couleurs affich\u00e9es sur votre \u00e9cran d&rsquo;ordinateur\u2026","jetpack_sharing_enabled":true,"_links":{"self":[{"href":"https:\/\/decoraprint.com\/fr\/wp-json\/wp\/v2\/pages\/5262","targetHints":{"allow":["GET"]}}],"collection":[{"href":"https:\/\/decoraprint.com\/fr\/wp-json\/wp\/v2\/pages"}],"about":[{"href":"https:\/\/decoraprint.com\/fr\/wp-json\/wp\/v2\/types\/page"}],"author":[{"embeddable":true,"href":"https:\/\/decoraprint.com\/fr\/wp-json\/wp\/v2\/users\/1"}],"replies":[{"embeddable":true,"href":"https:\/\/decoraprint.com\/fr\/wp-json\/wp\/v2\/comments?post=5262"}],"version-history":[{"count":1,"href":"https:\/\/decoraprint.com\/fr\/wp-json\/wp\/v2\/pages\/5262\/revisions"}],"predecessor-version":[{"id":5263,"href":"https:\/\/decoraprint.com\/fr\/wp-json\/wp\/v2\/pages\/5262\/revisions\/5263"}],"wp:attachment":[{"href":"https:\/\/decoraprint.com\/fr\/wp-json\/wp\/v2\/media?parent=5262"}],"curies":[{"name":"wp","href":"https:\/\/api.w.org\/{rel}","templated":true}]}}