{"id":2673,"date":"2025-03-18T00:56:51","date_gmt":"2025-03-18T00:56:51","guid":{"rendered":"https:\/\/decoraprint.com\/panier\/"},"modified":"2025-03-18T00:56:51","modified_gmt":"2025-03-18T00:56:51","slug":"panier","status":"publish","type":"page","link":"https:\/\/decoraprint.com\/fr\/panier\/","title":{"rendered":"Panier"},"content":{"rendered":"\n<div data-block-name=\"woocommerce\/cart\" class=\"wp-block-woocommerce-cart alignwide is-loading\">\n<div data-block-name=\"woocommerce\/filled-cart-block\" class=\"wp-block-woocommerce-filled-cart-block\">\n<div data-block-name=\"woocommerce\/cart-items-block\" class=\"wp-block-woocommerce-cart-items-block\">\n<div data-block-name=\"woocommerce\/cart-line-items-block\" class=\"wp-block-woocommerce-cart-line-items-block\"><\/div>\n\n\n\n<div data-block-name=\"woocommerce\/cart-cross-sells-block\" class=\"wp-block-woocommerce-cart-cross-sells-block\">\n<h2 class=\"wp-block-heading has-large-font-size\">You may be interested in\u2026<\/h2>\n\n\n\n<div data-block-name=\"woocommerce\/cart-cross-sells-products-block\" class=\"wp-block-woocommerce-cart-cross-sells-products-block\"><\/div>\n<\/div>\n<\/div>\n\n\n\n<div data-block-name=\"woocommerce\/cart-totals-block\" class=\"wp-block-woocommerce-cart-totals-block\">\n<div data-block-name=\"woocommerce\/cart-order-summary-block\" class=\"wp-block-woocommerce-cart-order-summary-block\">\n<div data-block-name=\"woocommerce\/cart-order-summary-heading-block\" class=\"wp-block-woocommerce-cart-order-summary-heading-block\"><\/div><div data-block-name=\"woocommerce\/cart-order-summary-coupon-form-block\" class=\"wp-block-woocommerce-cart-order-summary-coupon-form-block\"><\/div><div data-block-name=\"woocommerce\/cart-order-summary-totals-block\" class=\"wp-block-woocommerce-cart-order-summary-totals-block\">\n<div data-block-name=\"woocommerce\/cart-order-summary-subtotal-block\" class=\"wp-block-woocommerce-cart-order-summary-subtotal-block\"><\/div>\n<div data-block-name=\"woocommerce\/cart-order-summary-discount-block\" class=\"wp-block-woocommerce-cart-order-summary-discount-block\"><\/div>\n<div data-block-name=\"woocommerce\/cart-order-summary-fee-block\" class=\"wp-block-woocommerce-cart-order-summary-fee-block\"><\/div>\n<div data-block-name=\"woocommerce\/cart-order-summary-shipping-block\" class=\"wp-block-woocommerce-cart-order-summary-shipping-block\"><\/div>\n<div data-block-name=\"woocommerce\/cart-order-summary-taxes-block\" class=\"wp-block-woocommerce-cart-order-summary-taxes-block\"><\/div><\/div>\n<\/div>\n\n\n\n<div data-block-name=\"woocommerce\/cart-express-payment-block\" class=\"wp-block-woocommerce-cart-express-payment-block\"><\/div>\n\n\n\n<div data-block-name=\"woocommerce\/proceed-to-checkout-block\" class=\"wp-block-woocommerce-proceed-to-checkout-block\"><\/div>\n\n\n\n<div data-block-name=\"woocommerce\/cart-accepted-payment-methods-block\" class=\"wp-block-woocommerce-cart-accepted-payment-methods-block\"><\/div>\n<\/div>\n<\/div>\n\n\n\n<div data-block-name=\"woocommerce\/empty-cart-block\" class=\"wp-block-woocommerce-empty-cart-block\">\n<h2 class=\"wp-block-heading has-text-align-center with-empty-cart-icon wc-block-cart__empty-cart__title\">Your cart is currently empty!<\/h2>\n\n\n\n<hr class=\"wp-block-separator has-alpha-channel-opacity is-style-dots\"\/>\n\n\n\n<h2 class=\"wp-block-heading has-text-align-center\">New in store<\/h2>\n\n\n<div data-block-name=\"woocommerce\/product-new\" data-columns=\"4\" data-rows=\"1\" class=\"wc-block-grid wp-block-product-new wp-block-woocommerce-product-new wc-block-product-new has-4-columns\"><ul class=\"wc-block-grid__products\"><li class=\"wc-block-grid__product\">\n\t\t\t\t<a href=\"https:\/\/decoraprint.com\/fr\/product\/gobelet-en-acier-inoxydable-20-oz-avec-fleur-de-naissance-aster-mois-de-septembre-copy\/\" class=\"wc-block-grid__product-link\">\n\t\t\t\t\t<div class=\"wc-block-grid__product-onsale\">\n\t\t\t<span aria-hidden=\"true\">Promo<\/span>\n\t\t\t<span class=\"screen-reader-text\">Produit en promotion<\/span>\n\t\t<\/div>\n\t\t\t\t\t<div class=\"wc-block-grid__product-image\"><img fetchpriority=\"high\" decoding=\"async\" width=\"300\" height=\"300\" src=\"https:\/\/decoraprint.com\/wp-content\/uploads\/2026\/04\/Libbey_Birth-Flower-September-300x300.jpg\" class=\"attachment-woocommerce_thumbnail size-woocommerce_thumbnail\" alt=\"Gobelet en verre givr\u00e9 17 oz avec fleur de naissance aster mois de septembre\" srcset=\"https:\/\/decoraprint.com\/wp-content\/uploads\/2026\/04\/Libbey_Birth-Flower-September-300x300.jpg 300w, https:\/\/decoraprint.com\/wp-content\/uploads\/2026\/04\/Libbey_Birth-Flower-September-1024x1024.jpg 1024w, https:\/\/decoraprint.com\/wp-content\/uploads\/2026\/04\/Libbey_Birth-Flower-September-150x150.jpg 150w, https:\/\/decoraprint.com\/wp-content\/uploads\/2026\/04\/Libbey_Birth-Flower-September-768x768.jpg 768w, https:\/\/decoraprint.com\/wp-content\/uploads\/2026\/04\/Libbey_Birth-Flower-September-600x600.jpg 600w, https:\/\/decoraprint.com\/wp-content\/uploads\/2026\/04\/Libbey_Birth-Flower-September-100x100.jpg 100w, https:\/\/decoraprint.com\/wp-content\/uploads\/2026\/04\/Libbey_Birth-Flower-September.jpg 1200w\" sizes=\"(max-width: 300px) 100vw, 300px\" \/><\/div>\n\t\t\t\t\t<div class=\"wc-block-grid__product-title\">Gobelet en verre givr\u00e9 17 oz avec fleur de naissance aster mois de septembre<\/div>\n\t\t\t\t<\/a>\n\t\t\t\t<div class=\"wc-block-grid__product-price price\"><del aria-hidden=\"true\"><span class=\"woocommerce-Price-amount amount\"><span class=\"woocommerce-Price-currencySymbol\">&#036;<\/span>29.99<\/span><\/del> <span class=\"screen-reader-text\">Le prix initial \u00e9tait\u00a0: &#036;29.99.<\/span><ins aria-hidden=\"true\"><span class=\"woocommerce-Price-amount amount\"><span class=\"woocommerce-Price-currencySymbol\">&#036;<\/span>24.99<\/span><\/ins><span class=\"screen-reader-text\">Le prix actuel est\u00a0: &#036;24.99.<\/span><\/div>\n\t\t\t\t\n\t\t\t\t<div class=\"wp-block-button wc-block-grid__product-add-to-cart\"><a href=\"https:\/\/decoraprint.com\/fr\/product\/gobelet-en-acier-inoxydable-20-oz-avec-fleur-de-naissance-aster-mois-de-septembre-copy\/\" aria-label=\"S\u00e9lectionner les options pour &ldquo;Gobelet en verre givr\u00e9 17 oz avec fleur de naissance aster mois de septembre&rdquo;\" data-quantity=\"1\" data-product_id=\"7525\" data-product_sku=\"\" data-price=\"24.99\" rel=\"nofollow\" class=\"wp-block-button__link  add_to_cart_button\">Select options<\/a><\/div>\n\t\t\t<\/li><li class=\"wc-block-grid__product\">\n\t\t\t\t<a href=\"https:\/\/decoraprint.com\/product\/custom-design-11-oz-mug\/\" class=\"wc-block-grid__product-link\">\n\t\t\t\t\t\n\t\t\t\t\t<div class=\"wc-block-grid__product-image\"><img decoding=\"async\" width=\"300\" height=\"300\" src=\"https:\/\/decoraprint.com\/wp-content\/uploads\/2026\/01\/Mug-Mockup-perso3-300x300.png\" class=\"attachment-woocommerce_thumbnail size-woocommerce_thumbnail\" alt=\"11 oz Mug (2 sides)\" srcset=\"https:\/\/decoraprint.com\/wp-content\/uploads\/2026\/01\/Mug-Mockup-perso3-300x300.png 300w, https:\/\/decoraprint.com\/wp-content\/uploads\/2026\/01\/Mug-Mockup-perso3-150x150.png 150w, https:\/\/decoraprint.com\/wp-content\/uploads\/2026\/01\/Mug-Mockup-perso3-768x768.png 768w, https:\/\/decoraprint.com\/wp-content\/uploads\/2026\/01\/Mug-Mockup-perso3-600x600.png 600w, https:\/\/decoraprint.com\/wp-content\/uploads\/2026\/01\/Mug-Mockup-perso3-100x100.png 100w, https:\/\/decoraprint.com\/wp-content\/uploads\/2026\/01\/Mug-Mockup-perso3.png 1024w\" sizes=\"(max-width: 300px) 100vw, 300px\" \/><\/div>\n\t\t\t\t\t<div class=\"wc-block-grid__product-title\">11 oz Mug (2 sides)<\/div>\n\t\t\t\t<\/a>\n\t\t\t\t<div class=\"wc-block-grid__product-price price\"><span class=\"woocommerce-Price-amount amount\"><span class=\"woocommerce-Price-currencySymbol\">&#036;<\/span>14.99<\/span><\/div>\n\t\t\t\t\n\t\t\t\t<div class=\"wp-block-button wc-block-grid__product-add-to-cart\"><a href=\"\/fr\/wp-json\/wp\/v2\/pages\/2673?add-to-cart=7505\" aria-label=\"Ajouter au panier\u00a0: &ldquo;11 oz Mug (2 sides)&rdquo;\" data-quantity=\"1\" data-product_id=\"7505\" data-product_sku=\"\" data-price=\"14.99\" rel=\"nofollow\" class=\"wp-block-button__link  add_to_cart_button ajax_add_to_cart\">Ajouter au panier<\/a><\/div>\n\t\t\t<\/li><li class=\"wc-block-grid__product\">\n\t\t\t\t<a href=\"https:\/\/decoraprint.com\/fr\/product\/sac-fourre-tout-a-design-religieux-chretien-trust-gods-plan-copy\/\" class=\"wc-block-grid__product-link\">\n\t\t\t\t\t\n\t\t\t\t\t<div class=\"wc-block-grid__product-image\"><img decoding=\"async\" width=\"300\" height=\"300\" src=\"https:\/\/decoraprint.com\/wp-content\/uploads\/2025\/10\/Christian-Floral-32-300x300.jpg\" class=\"attachment-woocommerce_thumbnail size-woocommerce_thumbnail\" alt=\"Sac fourre-tout \u00e0 design religieux Chr\u00e9tien \u2013 You belong among the wildflowers\" srcset=\"https:\/\/decoraprint.com\/wp-content\/uploads\/2025\/10\/Christian-Floral-32-300x300.jpg 300w, https:\/\/decoraprint.com\/wp-content\/uploads\/2025\/10\/Christian-Floral-32-1024x1024.jpg 1024w, https:\/\/decoraprint.com\/wp-content\/uploads\/2025\/10\/Christian-Floral-32-150x150.jpg 150w, https:\/\/decoraprint.com\/wp-content\/uploads\/2025\/10\/Christian-Floral-32-768x768.jpg 768w, https:\/\/decoraprint.com\/wp-content\/uploads\/2025\/10\/Christian-Floral-32-1536x1536.jpg 1536w, https:\/\/decoraprint.com\/wp-content\/uploads\/2025\/10\/Christian-Floral-32-600x600.jpg 600w, https:\/\/decoraprint.com\/wp-content\/uploads\/2025\/10\/Christian-Floral-32-100x100.jpg 100w, https:\/\/decoraprint.com\/wp-content\/uploads\/2025\/10\/Christian-Floral-32.jpg 2000w\" sizes=\"(max-width: 300px) 100vw, 300px\" \/><\/div>\n\t\t\t\t\t<div class=\"wc-block-grid__product-title\">Sac fourre-tout \u00e0 design religieux Chr\u00e9tien \u2013 You belong among the wildflowers<\/div>\n\t\t\t\t<\/a>\n\t\t\t\t<div class=\"wc-block-grid__product-price price\"><span class=\"woocommerce-Price-amount amount\" aria-hidden=\"true\"><span class=\"woocommerce-Price-currencySymbol\">&#036;<\/span>17.99<\/span> <span aria-hidden=\"true\">\u00a0\u2013\u00a0<\/span> <span class=\"woocommerce-Price-amount amount\" aria-hidden=\"true\"><span class=\"woocommerce-Price-currencySymbol\">&#036;<\/span>19.99<\/span><span class=\"screen-reader-text\">Plage de prix\u00a0: &#036;17.99 \u00e0 &#036;19.99<\/span><\/div>\n\t\t\t\t\n\t\t\t\t<div class=\"wp-block-button wc-block-grid__product-add-to-cart\"><a href=\"https:\/\/decoraprint.com\/fr\/product\/sac-fourre-tout-a-design-religieux-chretien-trust-gods-plan-copy\/\" aria-label=\"S\u00e9lectionner les options pour &ldquo;Sac fourre-tout \u00e0 design religieux Chr\u00e9tien \u2013 You belong among the wildflowers&rdquo;\" data-quantity=\"1\" data-product_id=\"7275\" data-product_sku=\"TB_A01-001-32\" data-price=\"17.99\" rel=\"nofollow\" class=\"wp-block-button__link  add_to_cart_button\">Choix des options<\/a><\/div>\n\t\t\t<\/li><li class=\"wc-block-grid__product\">\n\t\t\t\t<a href=\"https:\/\/decoraprint.com\/fr\/product\/sac-fourre-tout-a-design-religieux-chretien-this-is-the-day-the-lord-has-made-copy\/\" class=\"wc-block-grid__product-link\">\n\t\t\t\t\t\n\t\t\t\t\t<div class=\"wc-block-grid__product-image\"><img loading=\"lazy\" decoding=\"async\" width=\"300\" height=\"300\" src=\"https:\/\/decoraprint.com\/wp-content\/uploads\/2025\/10\/Christian-Floral-31-300x300.jpg\" class=\"attachment-woocommerce_thumbnail size-woocommerce_thumbnail\" alt=\"Sac fourre-tout \u00e0 design religieux Chr\u00e9tien \u2013 Trust God&#039;s plan\" srcset=\"https:\/\/decoraprint.com\/wp-content\/uploads\/2025\/10\/Christian-Floral-31-300x300.jpg 300w, https:\/\/decoraprint.com\/wp-content\/uploads\/2025\/10\/Christian-Floral-31-1024x1024.jpg 1024w, https:\/\/decoraprint.com\/wp-content\/uploads\/2025\/10\/Christian-Floral-31-150x150.jpg 150w, https:\/\/decoraprint.com\/wp-content\/uploads\/2025\/10\/Christian-Floral-31-768x768.jpg 768w, https:\/\/decoraprint.com\/wp-content\/uploads\/2025\/10\/Christian-Floral-31-1536x1536.jpg 1536w, https:\/\/decoraprint.com\/wp-content\/uploads\/2025\/10\/Christian-Floral-31-600x600.jpg 600w, https:\/\/decoraprint.com\/wp-content\/uploads\/2025\/10\/Christian-Floral-31-100x100.jpg 100w, https:\/\/decoraprint.com\/wp-content\/uploads\/2025\/10\/Christian-Floral-31.jpg 2000w\" sizes=\"(max-width: 300px) 100vw, 300px\" \/><\/div>\n\t\t\t\t\t<div class=\"wc-block-grid__product-title\">Sac fourre-tout \u00e0 design religieux Chr\u00e9tien \u2013 Trust God&rsquo;s plan<\/div>\n\t\t\t\t<\/a>\n\t\t\t\t<div class=\"wc-block-grid__product-price price\"><span class=\"woocommerce-Price-amount amount\" aria-hidden=\"true\"><span class=\"woocommerce-Price-currencySymbol\">&#036;<\/span>17.99<\/span> <span aria-hidden=\"true\">\u00a0\u2013\u00a0<\/span> <span class=\"woocommerce-Price-amount amount\" aria-hidden=\"true\"><span class=\"woocommerce-Price-currencySymbol\">&#036;<\/span>19.99<\/span><span class=\"screen-reader-text\">Plage de prix\u00a0: &#036;17.99 \u00e0 &#036;19.99<\/span><\/div>\n\t\t\t\t\n\t\t\t\t<div class=\"wp-block-button wc-block-grid__product-add-to-cart\"><a href=\"https:\/\/decoraprint.com\/fr\/product\/sac-fourre-tout-a-design-religieux-chretien-this-is-the-day-the-lord-has-made-copy\/\" aria-label=\"S\u00e9lectionner les options pour &ldquo;Sac fourre-tout \u00e0 design religieux Chr\u00e9tien \u2013 Trust God&#039;s plan&rdquo;\" data-quantity=\"1\" data-product_id=\"7267\" data-product_sku=\"TB_A01-001-31\" data-price=\"17.99\" rel=\"nofollow\" class=\"wp-block-button__link  add_to_cart_button\">Choix des options<\/a><\/div>\n\t\t\t<\/li><\/ul><\/div><\/div>\n<\/div>\n","protected":false},"excerpt":{"rendered":"","protected":false},"author":1,"featured_media":0,"parent":0,"menu_order":0,"comment_status":"closed","ping_status":"closed","template":"","meta":{"_uag_custom_page_level_css":"","site-sidebar-layout":"default","site-content-layout":"","ast-site-content-layout":"default","site-content-style":"default","site-sidebar-style":"default","ast-global-header-display":"","ast-banner-title-visibility":"","ast-main-header-display":"","ast-hfb-above-header-display":"","ast-hfb-below-header-display":"","ast-hfb-mobile-header-display":"","site-post-title":"","ast-breadcrumbs-content":"","ast-featured-img":"","footer-sml-layout":"","ast-disable-related-posts":"","theme-transparent-header-meta":"","adv-header-id-meta":"","stick-header-meta":"","header-above-stick-meta":"","header-main-stick-meta":"","header-below-stick-meta":"","astra-migrate-meta-layouts":"default","ast-page-background-enabled":"default","ast-page-background-meta":{"desktop":{"background-color":"","background-image":"","background-repeat":"repeat","background-position":"center center","background-size":"auto","background-attachment":"scroll","background-type":"","background-media":"","overlay-type":"","overlay-color":"","overlay-opacity":"","overlay-gradient":""},"tablet":{"background-color":"","background-image":"","background-repeat":"repeat","background-position":"center center","background-size":"auto","background-attachment":"scroll","background-type":"","background-media":"","overlay-type":"","overlay-color":"","overlay-opacity":"","overlay-gradient":""},"mobile":{"background-color":"","background-image":"","background-repeat":"repeat","background-position":"center center","background-size":"auto","background-attachment":"scroll","background-type":"","background-media":"","overlay-type":"","overlay-color":"","overlay-opacity":"","overlay-gradient":""}},"ast-content-background-meta":{"desktop":{"background-color":"var(--ast-global-color-5)","background-image":"","background-repeat":"repeat","background-position":"center center","background-size":"auto","background-attachment":"scroll","background-type":"","background-media":"","overlay-type":"","overlay-color":"","overlay-opacity":"","overlay-gradient":""},"tablet":{"background-color":"var(--ast-global-color-5)","background-image":"","background-repeat":"repeat","background-position":"center center","background-size":"auto","background-attachment":"scroll","background-type":"","background-media":"","overlay-type":"","overlay-color":"","overlay-opacity":"","overlay-gradient":""},"mobile":{"background-color":"var(--ast-global-color-5)","background-image":"","background-repeat":"repeat","background-position":"center center","background-size":"auto","background-attachment":"scroll","background-type":"","background-media":"","overlay-type":"","overlay-color":"","overlay-opacity":"","overlay-gradient":""}},"footnotes":""},"class_list":["post-2673","page","type-page","status-publish","hentry"],"uagb_featured_image_src":{"full":false,"thumbnail":false,"medium":false,"medium_large":false,"large":false,"1536x1536":false,"2048x2048":false,"woocommerce_thumbnail":false,"woocommerce_single":false,"woocommerce_gallery_thumbnail":false},"uagb_author_info":{"display_name":"decoraprint.com","author_link":"https:\/\/decoraprint.com\/fr\/author\/craftydude-ca\/"},"uagb_comment_info":0,"uagb_excerpt":null,"jetpack_sharing_enabled":true,"_links":{"self":[{"href":"https:\/\/decoraprint.com\/fr\/wp-json\/wp\/v2\/pages\/2673","targetHints":{"allow":["GET"]}}],"collection":[{"href":"https:\/\/decoraprint.com\/fr\/wp-json\/wp\/v2\/pages"}],"about":[{"href":"https:\/\/decoraprint.com\/fr\/wp-json\/wp\/v2\/types\/page"}],"author":[{"embeddable":true,"href":"https:\/\/decoraprint.com\/fr\/wp-json\/wp\/v2\/users\/1"}],"replies":[{"embeddable":true,"href":"https:\/\/decoraprint.com\/fr\/wp-json\/wp\/v2\/comments?post=2673"}],"version-history":[{"count":0,"href":"https:\/\/decoraprint.com\/fr\/wp-json\/wp\/v2\/pages\/2673\/revisions"}],"wp:attachment":[{"href":"https:\/\/decoraprint.com\/fr\/wp-json\/wp\/v2\/media?parent=2673"}],"curies":[{"name":"wp","href":"https:\/\/api.w.org\/{rel}","templated":true}]}}